{"id":129,"date":"2024-06-25T10:33:49","date_gmt":"2024-06-25T08:33:49","guid":{"rendered":"https:\/\/kreissteinfurt.rotaract.de\/?page_id=129"},"modified":"2024-07-11T09:34:19","modified_gmt":"2024-07-11T07:34:19","slug":"rotary","status":"publish","type":"page","link":"https:\/\/kreissteinfurt.rotaract.de\/?page_id=129","title":{"rendered":"Rotary &#8211; Innerwheel"},"content":{"rendered":"\n<p class=\"has-text-align-center\">Eindr\u00fccke aus der rotarischen Familie<\/p>\n\n\n\n<h2 class=\"wp-block-heading has-text-align-center\">Was ist Rotary? <\/h2>\n\n\n\n<p>Rotary ist eine internationale Organisation von Gesch\u00e4ftsleuten und Berufst\u00e4tigen, die sich zusammengeschlossen haben, um humanit\u00e4re Dienste zu leisten, ethische Normen zu f\u00f6rdern und den Frieden in der Welt zu unterst\u00fctzen. Rotary Clubs f\u00fchren eine Vielzahl von Projekten durch, um Krankheiten zu bek\u00e4mpfen, Bildungsinitiativen zu f\u00f6rdern, Zugang zu sauberem Wasser zu schaffen und die wirtschaftliche Entwicklung zu unterst\u00fctzen.<\/p>\n\n\n\n<h2 class=\"wp-block-heading has-text-align-center\">Was ist Innerwheel?<\/h2>\n\n\n\n<p>Inner Wheel Clubs sind gemeinn\u00fctzige Organisationen, die sich weltweit f\u00fcr soziale und wohlt\u00e4tige Zwecke einsetzen. Sie wurden urspr\u00fcnglich als Frauengruppen von Rotary-Mitgliedern gegr\u00fcndet, sind aber inzwischen eigenst\u00e4ndige Organisationen.<\/p>\n\n\n\n<p>Inner Wheel Clubs engagieren sich in einer Vielzahl von Projekten, darunter Bildungsinitiativen, Gesundheitsprogramme, Umweltschutzma\u00dfnahmen und humanit\u00e4re Hilfe. Ihre Arbeit basiert auf freiwilligem Engagement und dem gemeinsamen Ziel, das Leben anderer zu verbessern.<\/p>\n\n\n\n<p class=\"has-text-align-center\"><strong>Unsere Patenclubs<\/strong><\/p>\n\n\n<div class=\"gb-grid-wrapper gb-grid-wrapper-16aaa20d\">\n<div class=\"gb-grid-column gb-grid-column-1fe7914c\"><div class=\"gb-container gb-container-1fe7914c\">\n\n<h2 class=\"wp-block-heading\">Rotary Emsdetten<\/h2>\n\n<\/div><\/div>\n\n<div class=\"gb-grid-column gb-grid-column-a0af50e1\"><div class=\"gb-container gb-container-a0af50e1\">\n\n<h2 class=\"wp-block-heading\">Rotary  Rheine<\/h2>\n\n<\/div><\/div>\n\n<div class=\"gb-grid-column gb-grid-column-c55dace7\"><div class=\"gb-container gb-container-c55dace7\">\n\n<h2 class=\"wp-block-heading\">Rotary Steinfurt<\/h2>\n\n<\/div><\/div>\n<\/div>\n\n<div class=\"gb-grid-wrapper gb-grid-wrapper-9a22813d\">\n<div class=\"gb-grid-column gb-grid-column-d260bd1c\"><div class=\"gb-container gb-container-d260bd1c\">\n<div class=\"wp-block-image\">\n<figure class=\"aligncenter size-full is-resized\"><img decoding=\"async\" width=\"260\" height=\"92\" src=\"https:\/\/kreissteinfurt.rotaract.de\/wp-content\/uploads\/sites\/395\/2024\/06\/RC-Emsdetten.png\" alt=\"\" class=\"wp-image-225\" style=\"width:184px;height:auto\"\/><\/figure>\n<\/div>\n<\/div><\/div>\n\n<div class=\"gb-grid-column gb-grid-column-def85f5e\"><div class=\"gb-container gb-container-def85f5e\">\n<div class=\"wp-block-image\">\n<figure class=\"aligncenter size-full is-resized\"><img decoding=\"async\" width=\"188\" height=\"87\" src=\"https:\/\/kreissteinfurt.rotaract.de\/wp-content\/uploads\/sites\/395\/2024\/06\/Rheine.jpg\" alt=\"\" class=\"wp-image-161\" style=\"width:166px;height:auto\"\/><\/figure>\n<\/div>\n<\/div><\/div>\n\n<div class=\"gb-grid-column gb-grid-column-378ddd09\"><div class=\"gb-container gb-container-378ddd09\">\n<div class=\"wp-block-image\">\n<figure class=\"aligncenter size-full is-resized\"><img decoding=\"async\" width=\"238\" height=\"95\" src=\"https:\/\/kreissteinfurt.rotaract.de\/wp-content\/uploads\/sites\/395\/2024\/06\/RC-Steinfurt.png\" alt=\"\" class=\"wp-image-226\" style=\"width:168px;height:auto\"\/><\/figure>\n<\/div>\n<\/div><\/div>\n<\/div>\n\n<div class=\"gb-grid-wrapper gb-grid-wrapper-62196d59\">\n<div class=\"gb-grid-column gb-grid-column-b3292537\"><div class=\"gb-container gb-container-b3292537\">\n\n<p><a href=\"https:\/\/emsdetten.rotary.de\/\">Website Emsdetten<\/a><\/p>\n\n\n\n<p><img decoding=\"async\" height=\"20px\" width=\"20px\" src=\"https:\/\/statics.teams.cdn.office.net\/evergreen-assets\/personal-expressions\/v2\/assets\/emoticons\/camera\/default\/20_f.png?v=v18\" alt=\"Kamera\">@rotaryemsdetten<\/p>\n\n<\/div><\/div>\n\n<div class=\"gb-grid-column gb-grid-column-d3fd4c8c\"><div class=\"gb-container gb-container-d3fd4c8c\">\n\n<p><a href=\"https:\/\/rheine.rotary.de\/\">Website Rheine<\/a><\/p>\n\n<\/div><\/div>\n\n<div class=\"gb-grid-column gb-grid-column-e43d39ce\"><div class=\"gb-container gb-container-e43d39ce\">\n\n<p><a href=\"https:\/\/steinfurt.rotary.de\/\">Website Steinfurt<\/a><\/p>\n\n<\/div><\/div>\n<\/div>\n\n<div class=\"gb-grid-wrapper gb-grid-wrapper-5c61130f\">\n<div class=\"gb-grid-column gb-grid-column-057c68e9\"><div class=\"gb-container gb-container-057c68e9\">\n\n<p><\/p>\n\n\n\n<p class=\"has-text-align-center\"><strong>Rotary Emsdetten &#8211; Machertag 21.09.2024<\/strong><\/p>\n\n\n\n<p>In diesem Jahr bestreiten wir gemeinsam mit den Rotary Emsdetten den Machertag in Emsdetten. Du hast Lust uns zu unterst\u00fctzen? Sei dabei und meld dich bei uns!<\/p>\n\n\n\n<div class=\"wp-block-media-text is-stacked-on-mobile\"><figure class=\"wp-block-media-text__media\"><img decoding=\"async\" width=\"1024\" height=\"1024\" src=\"https:\/\/kreissteinfurt.rotaract.de\/wp-content\/uploads\/sites\/395\/2024\/07\/2.-Disko-2324-1024x1024.jpg\" alt=\"\" class=\"wp-image-294 size-full\" srcset=\"https:\/\/kreissteinfurt.rotaract.de\/wp-content\/uploads\/sites\/395\/2024\/07\/2.-Disko-2324-1024x1024.jpg 1024w, https:\/\/kreissteinfurt.rotaract.de\/wp-content\/uploads\/sites\/395\/2024\/07\/2.-Disko-2324-300x300.jpg 300w, https:\/\/kreissteinfurt.rotaract.de\/wp-content\/uploads\/sites\/395\/2024\/07\/2.-Disko-2324-150x150.jpg 150w, https:\/\/kreissteinfurt.rotaract.de\/wp-content\/uploads\/sites\/395\/2024\/07\/2.-Disko-2324-768x768.jpg 768w, https:\/\/kreissteinfurt.rotaract.de\/wp-content\/uploads\/sites\/395\/2024\/07\/2.-Disko-2324.jpg 1080w\" sizes=\"(max-width: 1024px) 100vw, 1024px\" \/><\/figure><div class=\"wp-block-media-text__content\">\n<p><strong>Vorstellung beim Rotary Club Greven<\/strong><\/p>\n\n\n\n<p>Am 24.07.2024 d\u00fcrfen wir uns beim Rotary Club Greven vorstellen.<\/p>\n<\/div><\/div>\n\n\n\n<div class=\"wp-block-media-text has-media-on-the-right is-stacked-on-mobile\"><div class=\"wp-block-media-text__content\">\n<p><strong>Vorstellung beim Rotary Club Steinfurt<\/strong><\/p>\n\n\n\n<p>Am 06.06.2024 durften wir uns bei unserem dritten Patenclub pers\u00f6nlich vorstellen.<\/p>\n<\/div><figure class=\"wp-block-media-text__media\"><img decoding=\"async\" width=\"1024\" height=\"1024\" src=\"https:\/\/kreissteinfurt.rotaract.de\/wp-content\/uploads\/sites\/395\/2024\/06\/2.-Disko-23_24-2_1-1024x1024.jpg\" alt=\"\" class=\"wp-image-229 size-full\" srcset=\"https:\/\/kreissteinfurt.rotaract.de\/wp-content\/uploads\/sites\/395\/2024\/06\/2.-Disko-23_24-2_1-1024x1024.jpg 1024w, https:\/\/kreissteinfurt.rotaract.de\/wp-content\/uploads\/sites\/395\/2024\/06\/2.-Disko-23_24-2_1-300x300.jpg 300w, https:\/\/kreissteinfurt.rotaract.de\/wp-content\/uploads\/sites\/395\/2024\/06\/2.-Disko-23_24-2_1-150x150.jpg 150w, https:\/\/kreissteinfurt.rotaract.de\/wp-content\/uploads\/sites\/395\/2024\/06\/2.-Disko-23_24-2_1-768x768.jpg 768w, https:\/\/kreissteinfurt.rotaract.de\/wp-content\/uploads\/sites\/395\/2024\/06\/2.-Disko-23_24-2_1.jpg 1080w\" sizes=\"(max-width: 1024px) 100vw, 1024px\" \/><\/figure><\/div>\n\n\n\n<div class=\"wp-block-media-text is-stacked-on-mobile\"><figure class=\"wp-block-media-text__media\"><img decoding=\"async\" width=\"1024\" height=\"1024\" src=\"https:\/\/kreissteinfurt.rotaract.de\/wp-content\/uploads\/sites\/395\/2024\/06\/2.-Disko-23_24-3-1024x1024.jpg\" alt=\"\" class=\"wp-image-230 size-full\" srcset=\"https:\/\/kreissteinfurt.rotaract.de\/wp-content\/uploads\/sites\/395\/2024\/06\/2.-Disko-23_24-3-1024x1024.jpg 1024w, https:\/\/kreissteinfurt.rotaract.de\/wp-content\/uploads\/sites\/395\/2024\/06\/2.-Disko-23_24-3-300x300.jpg 300w, https:\/\/kreissteinfurt.rotaract.de\/wp-content\/uploads\/sites\/395\/2024\/06\/2.-Disko-23_24-3-150x150.jpg 150w, https:\/\/kreissteinfurt.rotaract.de\/wp-content\/uploads\/sites\/395\/2024\/06\/2.-Disko-23_24-3-768x768.jpg 768w, https:\/\/kreissteinfurt.rotaract.de\/wp-content\/uploads\/sites\/395\/2024\/06\/2.-Disko-23_24-3.jpg 1080w\" sizes=\"(max-width: 1024px) 100vw, 1024px\" \/><\/figure><div class=\"wp-block-media-text__content\">\n<p><strong>Vorstellung beim Inner Wheel Club Steinfurt<\/strong><\/p>\n\n\n\n<p>Am 16.05.2024 durften wir uns beim Inner Wheel Steinfurt vorstellen und anschlie\u00dfend einen spannenden Vortrag \u00fcber die Firma Tauber h\u00f6ren.<\/p>\n<\/div><\/div>\n\n\n\n<div class=\"wp-block-media-text has-media-on-the-right is-stacked-on-mobile\"><div class=\"wp-block-media-text__content\">\n<p><strong>Austausch der Rotary und Rotaract Beauftragten<\/strong><\/p>\n\n\n\n<p>Am 02.02.2024 fand in M\u00fchlheim ein Austauschtreffen zwischen den Rotaract Beauftragten der Rotary Clubs und den Rotary Beauftragten der Rotaract Clubs statt.<\/p>\n<\/div><figure class=\"wp-block-media-text__media\"><img decoding=\"async\" width=\"713\" height=\"1024\" src=\"https:\/\/kreissteinfurt.rotaract.de\/wp-content\/uploads\/sites\/395\/2024\/06\/WhatsApp-Bild-2024-06-25-um-23.22.03_ca672f12-713x1024.jpg\" alt=\"\" class=\"wp-image-236 size-full\" srcset=\"https:\/\/kreissteinfurt.rotaract.de\/wp-content\/uploads\/sites\/395\/2024\/06\/WhatsApp-Bild-2024-06-25-um-23.22.03_ca672f12-713x1024.jpg 713w, https:\/\/kreissteinfurt.rotaract.de\/wp-content\/uploads\/sites\/395\/2024\/06\/WhatsApp-Bild-2024-06-25-um-23.22.03_ca672f12-209x300.jpg 209w, https:\/\/kreissteinfurt.rotaract.de\/wp-content\/uploads\/sites\/395\/2024\/06\/WhatsApp-Bild-2024-06-25-um-23.22.03_ca672f12-768x1102.jpg 768w, https:\/\/kreissteinfurt.rotaract.de\/wp-content\/uploads\/sites\/395\/2024\/06\/WhatsApp-Bild-2024-06-25-um-23.22.03_ca672f12-1070x1536.jpg 1070w, https:\/\/kreissteinfurt.rotaract.de\/wp-content\/uploads\/sites\/395\/2024\/06\/WhatsApp-Bild-2024-06-25-um-23.22.03_ca672f12.jpg 1080w\" sizes=\"(max-width: 713px) 100vw, 713px\" \/><\/figure><\/div>\n\n\n\n<div class=\"wp-block-media-text is-stacked-on-mobile\"><figure class=\"wp-block-media-text__media\"><img decoding=\"async\" width=\"1024\" height=\"1024\" src=\"https:\/\/kreissteinfurt.rotaract.de\/wp-content\/uploads\/sites\/395\/2024\/06\/2.-Disko-23_24_1-1024x1024.jpg\" alt=\"\" class=\"wp-image-231 size-full\" srcset=\"https:\/\/kreissteinfurt.rotaract.de\/wp-content\/uploads\/sites\/395\/2024\/06\/2.-Disko-23_24_1-1024x1024.jpg 1024w, https:\/\/kreissteinfurt.rotaract.de\/wp-content\/uploads\/sites\/395\/2024\/06\/2.-Disko-23_24_1-300x300.jpg 300w, https:\/\/kreissteinfurt.rotaract.de\/wp-content\/uploads\/sites\/395\/2024\/06\/2.-Disko-23_24_1-150x150.jpg 150w, https:\/\/kreissteinfurt.rotaract.de\/wp-content\/uploads\/sites\/395\/2024\/06\/2.-Disko-23_24_1-768x768.jpg 768w, https:\/\/kreissteinfurt.rotaract.de\/wp-content\/uploads\/sites\/395\/2024\/06\/2.-Disko-23_24_1.jpg 1080w\" sizes=\"(max-width: 1024px) 100vw, 1024px\" \/><\/figure><div class=\"wp-block-media-text__content\">\n<p><strong>Vorstellung beim Rotary Club Tecklenburg<\/strong><\/p>\n\n\n\n<p>Am 22.01.2024 durften wir uns beim Rotary Club Tecklenburger Land pers\u00f6nlich vorstellen.<\/p>\n<\/div><\/div>\n\n\n\n<div class=\"wp-block-media-text has-media-on-the-right is-stacked-on-mobile\"><div class=\"wp-block-media-text__content\">\n<p><strong>Vorstellung beim Rotary Club Rheine<\/strong><\/p>\n\n\n\n<p>Am 18.09.2023 durften wir uns bei unserem zweiten Patenclub pers\u00f6nlich vorstellen.<\/p>\n<\/div><figure class=\"wp-block-media-text__media\"><img decoding=\"async\" width=\"1024\" height=\"576\" src=\"https:\/\/kreissteinfurt.rotaract.de\/wp-content\/uploads\/sites\/395\/2024\/06\/Vorstellung_RC-Rheine.jpg\" alt=\"\" class=\"wp-image-222 size-full\" srcset=\"https:\/\/kreissteinfurt.rotaract.de\/wp-content\/uploads\/sites\/395\/2024\/06\/Vorstellung_RC-Rheine.jpg 1024w, https:\/\/kreissteinfurt.rotaract.de\/wp-content\/uploads\/sites\/395\/2024\/06\/Vorstellung_RC-Rheine-300x169.jpg 300w, https:\/\/kreissteinfurt.rotaract.de\/wp-content\/uploads\/sites\/395\/2024\/06\/Vorstellung_RC-Rheine-768x432.jpg 768w\" sizes=\"(max-width: 1024px) 100vw, 1024px\" \/><\/figure><\/div>\n\n\n\n<div class=\"wp-block-media-text is-stacked-on-mobile\"><figure class=\"wp-block-media-text__media\"><img decoding=\"async\" width=\"1024\" height=\"755\" src=\"https:\/\/kreissteinfurt.rotaract.de\/wp-content\/uploads\/sites\/395\/2024\/06\/WhatsApp-Bild-2024-06-25-um-23.09.23_f129d4f5-1024x755.jpg\" alt=\"\" class=\"wp-image-223 size-full\" srcset=\"https:\/\/kreissteinfurt.rotaract.de\/wp-content\/uploads\/sites\/395\/2024\/06\/WhatsApp-Bild-2024-06-25-um-23.09.23_f129d4f5-1024x755.jpg 1024w, https:\/\/kreissteinfurt.rotaract.de\/wp-content\/uploads\/sites\/395\/2024\/06\/WhatsApp-Bild-2024-06-25-um-23.09.23_f129d4f5-300x221.jpg 300w, https:\/\/kreissteinfurt.rotaract.de\/wp-content\/uploads\/sites\/395\/2024\/06\/WhatsApp-Bild-2024-06-25-um-23.09.23_f129d4f5-768x567.jpg 768w, https:\/\/kreissteinfurt.rotaract.de\/wp-content\/uploads\/sites\/395\/2024\/06\/WhatsApp-Bild-2024-06-25-um-23.09.23_f129d4f5.jpg 1079w\" sizes=\"(max-width: 1024px) 100vw, 1024px\" \/><\/figure><div class=\"wp-block-media-text__content\">\n<p><strong>Vorstellung beim Rotary Club Emsdetten<\/strong><\/p>\n\n\n\n<p>Am 08.05.2023 durften wir uns bei unserem ersten Patenclub pers\u00f6nlich vorstellen.<\/p>\n<\/div><\/div>\n\n<\/div><\/div>\n<\/div>","protected":false},"excerpt":{"rendered":"<p>Eindr\u00fccke aus der rotarischen Familie Was ist Rotary? Rotary ist eine internationale Organisation von Gesch\u00e4ftsleuten und Berufst\u00e4tigen, die sich zusammengeschlossen haben, um humanit\u00e4re Dienste zu leisten, ethische Normen zu f\u00f6rdern und den Frieden in der Welt zu unterst\u00fctzen. Rotary Clubs f\u00fchren eine Vielzahl von Projekten durch, um Krankheiten zu bek\u00e4mpfen, Bildungsinitiativen zu f\u00f6rdern, Zugang zu &#8230; <a title=\"Rotary &#8211; Innerwheel\" class=\"read-more\" href=\"https:\/\/kreissteinfurt.rotaract.de\/?page_id=129\" aria-label=\"Mehr Informationen \u00fcber Rotary &#8211; Innerwheel\">Weiterlesen<\/a><\/p>\n","protected":false},"author":392,"featured_media":0,"parent":0,"menu_order":6,"comment_status":"closed","ping_status":"closed","template":"","meta":{"footnotes":""},"class_list":["post-129","page","type-page","status-publish"],"yoast_head":"<!-- This site is optimized with the Yoast SEO plugin v27.6 - https:\/\/yoast.com\/product\/yoast-seo-wordpress\/ -->\n<title>Rotary - Innerwheel - Rotaract Kreis Steinfurt<\/title>\n<meta name=\"robots\" content=\"index, follow, max-snippet:-1, max-image-preview:large, max-video-preview:-1\" \/>\n<link rel=\"canonical\" href=\"https:\/\/kreissteinfurt.rotaract.de\/?page_id=129\" \/>\n<meta property=\"og:locale\" content=\"de_DE\" \/>\n<meta property=\"og:type\" content=\"article\" \/>\n<meta property=\"og:title\" content=\"Rotary - Innerwheel - Rotaract Kreis Steinfurt\" \/>\n<meta property=\"og:description\" content=\"Eindr\u00fccke aus der rotarischen Familie Was ist Rotary? Rotary ist eine internationale Organisation von Gesch\u00e4ftsleuten und Berufst\u00e4tigen, die sich zusammengeschlossen haben, um humanit\u00e4re Dienste zu leisten, ethische Normen zu f\u00f6rdern und den Frieden in der Welt zu unterst\u00fctzen. Rotary Clubs f\u00fchren eine Vielzahl von Projekten durch, um Krankheiten zu bek\u00e4mpfen, Bildungsinitiativen zu f\u00f6rdern, Zugang zu ... Weiterlesen\" \/>\n<meta property=\"og:url\" content=\"https:\/\/kreissteinfurt.rotaract.de\/?page_id=129\" \/>\n<meta property=\"og:site_name\" content=\"Rotaract Kreis Steinfurt\" \/>\n<meta property=\"article:modified_time\" content=\"2024-07-11T07:34:19+00:00\" \/>\n<meta property=\"og:image\" content=\"https:\/\/kreissteinfurt.rotaract.de\/wp-content\/uploads\/sites\/395\/2024\/06\/RC-Emsdetten.png\" \/>\n<meta name=\"twitter:card\" content=\"summary_large_image\" \/>\n<meta name=\"twitter:label1\" content=\"Gesch\u00e4tzte Lesezeit\" \/>\n\t<meta name=\"twitter:data1\" content=\"2\u00a0Minuten\" \/>\n<script type=\"application\/ld+json\" class=\"yoast-schema-graph\">{\"@context\":\"https:\\\/\\\/schema.org\",\"@graph\":[{\"@type\":\"WebPage\",\"@id\":\"https:\\\/\\\/kreissteinfurt.rotaract.de\\\/?page_id=129\",\"url\":\"https:\\\/\\\/kreissteinfurt.rotaract.de\\\/?page_id=129\",\"name\":\"Rotary - Innerwheel - Rotaract Kreis Steinfurt\",\"isPartOf\":{\"@id\":\"https:\\\/\\\/kreissteinfurt.rotaract.de\\\/#website\"},\"primaryImageOfPage\":{\"@id\":\"https:\\\/\\\/kreissteinfurt.rotaract.de\\\/?page_id=129#primaryimage\"},\"image\":{\"@id\":\"https:\\\/\\\/kreissteinfurt.rotaract.de\\\/?page_id=129#primaryimage\"},\"thumbnailUrl\":\"https:\\\/\\\/kreissteinfurt.rotaract.de\\\/wp-content\\\/uploads\\\/sites\\\/395\\\/2024\\\/06\\\/RC-Emsdetten.png\",\"datePublished\":\"2024-06-25T08:33:49+00:00\",\"dateModified\":\"2024-07-11T07:34:19+00:00\",\"breadcrumb\":{\"@id\":\"https:\\\/\\\/kreissteinfurt.rotaract.de\\\/?page_id=129#breadcrumb\"},\"inLanguage\":\"de\",\"potentialAction\":[{\"@type\":\"ReadAction\",\"target\":[\"https:\\\/\\\/kreissteinfurt.rotaract.de\\\/?page_id=129\"]}]},{\"@type\":\"ImageObject\",\"inLanguage\":\"de\",\"@id\":\"https:\\\/\\\/kreissteinfurt.rotaract.de\\\/?page_id=129#primaryimage\",\"url\":\"https:\\\/\\\/kreissteinfurt.rotaract.de\\\/wp-content\\\/uploads\\\/sites\\\/395\\\/2024\\\/06\\\/RC-Emsdetten.png\",\"contentUrl\":\"https:\\\/\\\/kreissteinfurt.rotaract.de\\\/wp-content\\\/uploads\\\/sites\\\/395\\\/2024\\\/06\\\/RC-Emsdetten.png\"},{\"@type\":\"BreadcrumbList\",\"@id\":\"https:\\\/\\\/kreissteinfurt.rotaract.de\\\/?page_id=129#breadcrumb\",\"itemListElement\":[{\"@type\":\"ListItem\",\"position\":1,\"name\":\"Startseite\",\"item\":\"https:\\\/\\\/kreissteinfurt.rotaract.de\\\/\"},{\"@type\":\"ListItem\",\"position\":2,\"name\":\"Rotary &#8211; Innerwheel\"}]},{\"@type\":\"WebSite\",\"@id\":\"https:\\\/\\\/kreissteinfurt.rotaract.de\\\/#website\",\"url\":\"https:\\\/\\\/kreissteinfurt.rotaract.de\\\/\",\"name\":\"Rotaract Kreis Steinfurt\",\"description\":\"Distrikt 1870\",\"potentialAction\":[{\"@type\":\"SearchAction\",\"target\":{\"@type\":\"EntryPoint\",\"urlTemplate\":\"https:\\\/\\\/kreissteinfurt.rotaract.de\\\/?s={search_term_string}\"},\"query-input\":{\"@type\":\"PropertyValueSpecification\",\"valueRequired\":true,\"valueName\":\"search_term_string\"}}],\"inLanguage\":\"de\"}]}<\/script>\n<!-- \/ Yoast SEO plugin. -->","yoast_head_json":{"title":"Rotary - Innerwheel - Rotaract Kreis Steinfurt","robots":{"index":"index","follow":"follow","max-snippet":"max-snippet:-1","max-image-preview":"max-image-preview:large","max-video-preview":"max-video-preview:-1"},"canonical":"https:\/\/kreissteinfurt.rotaract.de\/?page_id=129","og_locale":"de_DE","og_type":"article","og_title":"Rotary - Innerwheel - Rotaract Kreis Steinfurt","og_description":"Eindr\u00fccke aus der rotarischen Familie Was ist Rotary? Rotary ist eine internationale Organisation von Gesch\u00e4ftsleuten und Berufst\u00e4tigen, die sich zusammengeschlossen haben, um humanit\u00e4re Dienste zu leisten, ethische Normen zu f\u00f6rdern und den Frieden in der Welt zu unterst\u00fctzen. Rotary Clubs f\u00fchren eine Vielzahl von Projekten durch, um Krankheiten zu bek\u00e4mpfen, Bildungsinitiativen zu f\u00f6rdern, Zugang zu ... Weiterlesen","og_url":"https:\/\/kreissteinfurt.rotaract.de\/?page_id=129","og_site_name":"Rotaract Kreis Steinfurt","article_modified_time":"2024-07-11T07:34:19+00:00","og_image":[{"url":"https:\/\/kreissteinfurt.rotaract.de\/wp-content\/uploads\/sites\/395\/2024\/06\/RC-Emsdetten.png","type":"","width":"","height":""}],"twitter_card":"summary_large_image","twitter_misc":{"Gesch\u00e4tzte Lesezeit":"2\u00a0Minuten"},"schema":{"@context":"https:\/\/schema.org","@graph":[{"@type":"WebPage","@id":"https:\/\/kreissteinfurt.rotaract.de\/?page_id=129","url":"https:\/\/kreissteinfurt.rotaract.de\/?page_id=129","name":"Rotary - Innerwheel - Rotaract Kreis Steinfurt","isPartOf":{"@id":"https:\/\/kreissteinfurt.rotaract.de\/#website"},"primaryImageOfPage":{"@id":"https:\/\/kreissteinfurt.rotaract.de\/?page_id=129#primaryimage"},"image":{"@id":"https:\/\/kreissteinfurt.rotaract.de\/?page_id=129#primaryimage"},"thumbnailUrl":"https:\/\/kreissteinfurt.rotaract.de\/wp-content\/uploads\/sites\/395\/2024\/06\/RC-Emsdetten.png","datePublished":"2024-06-25T08:33:49+00:00","dateModified":"2024-07-11T07:34:19+00:00","breadcrumb":{"@id":"https:\/\/kreissteinfurt.rotaract.de\/?page_id=129#breadcrumb"},"inLanguage":"de","potentialAction":[{"@type":"ReadAction","target":["https:\/\/kreissteinfurt.rotaract.de\/?page_id=129"]}]},{"@type":"ImageObject","inLanguage":"de","@id":"https:\/\/kreissteinfurt.rotaract.de\/?page_id=129#primaryimage","url":"https:\/\/kreissteinfurt.rotaract.de\/wp-content\/uploads\/sites\/395\/2024\/06\/RC-Emsdetten.png","contentUrl":"https:\/\/kreissteinfurt.rotaract.de\/wp-content\/uploads\/sites\/395\/2024\/06\/RC-Emsdetten.png"},{"@type":"BreadcrumbList","@id":"https:\/\/kreissteinfurt.rotaract.de\/?page_id=129#breadcrumb","itemListElement":[{"@type":"ListItem","position":1,"name":"Startseite","item":"https:\/\/kreissteinfurt.rotaract.de\/"},{"@type":"ListItem","position":2,"name":"Rotary &#8211; Innerwheel"}]},{"@type":"WebSite","@id":"https:\/\/kreissteinfurt.rotaract.de\/#website","url":"https:\/\/kreissteinfurt.rotaract.de\/","name":"Rotaract Kreis Steinfurt","description":"Distrikt 1870","potentialAction":[{"@type":"SearchAction","target":{"@type":"EntryPoint","urlTemplate":"https:\/\/kreissteinfurt.rotaract.de\/?s={search_term_string}"},"query-input":{"@type":"PropertyValueSpecification","valueRequired":true,"valueName":"search_term_string"}}],"inLanguage":"de"}]}},"_links":{"self":[{"href":"https:\/\/kreissteinfurt.rotaract.de\/index.php?rest_route=\/wp\/v2\/pages\/129","targetHints":{"allow":["GET"]}}],"collection":[{"href":"https:\/\/kreissteinfurt.rotaract.de\/index.php?rest_route=\/wp\/v2\/pages"}],"about":[{"href":"https:\/\/kreissteinfurt.rotaract.de\/index.php?rest_route=\/wp\/v2\/types\/page"}],"author":[{"embeddable":true,"href":"https:\/\/kreissteinfurt.rotaract.de\/index.php?rest_route=\/wp\/v2\/users\/392"}],"replies":[{"embeddable":true,"href":"https:\/\/kreissteinfurt.rotaract.de\/index.php?rest_route=%2Fwp%2Fv2%2Fcomments&post=129"}],"version-history":[{"count":12,"href":"https:\/\/kreissteinfurt.rotaract.de\/index.php?rest_route=\/wp\/v2\/pages\/129\/revisions"}],"predecessor-version":[{"id":295,"href":"https:\/\/kreissteinfurt.rotaract.de\/index.php?rest_route=\/wp\/v2\/pages\/129\/revisions\/295"}],"wp:attachment":[{"href":"https:\/\/kreissteinfurt.rotaract.de\/index.php?rest_route=%2Fwp%2Fv2%2Fmedia&parent=129"}],"curies":[{"name":"wp","href":"https:\/\/api.w.org\/{rel}","templated":true}]}}