{"id":14,"date":"2023-05-19T12:58:04","date_gmt":"2023-05-19T10:58:04","guid":{"rendered":"https:\/\/kreissteinfurt.rotaract.de\/?page_id=14"},"modified":"2024-06-25T12:46:37","modified_gmt":"2024-06-25T10:46:37","slug":"der-club","status":"publish","type":"page","link":"https:\/\/kreissteinfurt.rotaract.de\/?page_id=14","title":{"rendered":"Der Club"},"content":{"rendered":"\n<p>An dieser Stelle m\u00f6chten wir uns gerne vorstellen:<\/p>\n\n\n\n<h2 class=\"wp-block-heading\">Pr\u00e4sidentin 2023\/24<\/h2>\n\n\n\n<div class=\"wp-block-media-text alignwide is-stacked-on-mobile is-style-default\"><figure class=\"wp-block-media-text__media\"><img decoding=\"async\" width=\"1024\" height=\"1024\" src=\"https:\/\/kreissteinfurt.rotaract.de\/wp-content\/uploads\/sites\/395\/2023\/05\/Praesidentin-1024x1024.jpg\" alt=\"\" class=\"wp-image-55 size-full\" srcset=\"https:\/\/kreissteinfurt.rotaract.de\/wp-content\/uploads\/sites\/395\/2023\/05\/Praesidentin-1024x1024.jpg 1024w, https:\/\/kreissteinfurt.rotaract.de\/wp-content\/uploads\/sites\/395\/2023\/05\/Praesidentin-300x300.jpg 300w, https:\/\/kreissteinfurt.rotaract.de\/wp-content\/uploads\/sites\/395\/2023\/05\/Praesidentin-150x150.jpg 150w, https:\/\/kreissteinfurt.rotaract.de\/wp-content\/uploads\/sites\/395\/2023\/05\/Praesidentin-768x768.jpg 768w, https:\/\/kreissteinfurt.rotaract.de\/wp-content\/uploads\/sites\/395\/2023\/05\/Praesidentin.jpg 1080w\" sizes=\"(max-width: 1024px) 100vw, 1024px\" \/><\/figure><div class=\"wp-block-media-text__content\">\n<p>Hallo Zusammen,<\/p>\n\n\n\n<p>mein Name ist Anna-Augustina und ich bin 20 Jahre alt.<\/p>\n\n\n\n<p>In diesem Jahr bin ich Pr\u00e4sidentin und habe unseren Club zur Gr\u00fcndung gef\u00fchrt.<\/p>\n\n\n\n<p>In dem Jahr nach meinem Abi 2021 habe viele verschiedene Eindr\u00fccke in unterschiedlichen Bereichen sammeln k\u00f6nnen, zum Beispiel durch das dreimonatige Praktikum in einem Mutter-Kind-Heim, ein ehrenamtlicher Deutschunterricht f\u00fcr Ukrainerinnen oder durch meinen Sprachkurs in Oxford.<\/p>\n\n\n\n<p>Aktuell mache ich eine Ausbildung zur Speditionskauffrau und arbeite an den Wochenenden in einem Hofcaf\u00e9.<\/p>\n\n\n\n<p>Man sieht Langeweile habe ich keine, aber genau das liebe ich. Ich brauche immer Aktion.<\/p>\n\n\n\n<p>In meiner Freizeit liebe ich es mich mit Freunden zu treffen, feiern zu gehen oder einfach unterwegs zu sein.<\/p>\n<\/div><\/div>\n\n\n\n<h2 class=\"wp-block-heading\">Vizepr\u00e4sidentin 2023\/24<\/h2>\n\n\n\n<div class=\"wp-block-media-text alignwide is-stacked-on-mobile is-style-default\"><figure class=\"wp-block-media-text__media\"><img decoding=\"async\" width=\"1024\" height=\"1024\" src=\"https:\/\/kreissteinfurt.rotaract.de\/wp-content\/uploads\/sites\/395\/2023\/05\/Vieze-1024x1024.jpg\" alt=\"\" class=\"wp-image-56 size-full\" srcset=\"https:\/\/kreissteinfurt.rotaract.de\/wp-content\/uploads\/sites\/395\/2023\/05\/Vieze-1024x1024.jpg 1024w, https:\/\/kreissteinfurt.rotaract.de\/wp-content\/uploads\/sites\/395\/2023\/05\/Vieze-300x300.jpg 300w, https:\/\/kreissteinfurt.rotaract.de\/wp-content\/uploads\/sites\/395\/2023\/05\/Vieze-150x150.jpg 150w, https:\/\/kreissteinfurt.rotaract.de\/wp-content\/uploads\/sites\/395\/2023\/05\/Vieze-768x768.jpg 768w, https:\/\/kreissteinfurt.rotaract.de\/wp-content\/uploads\/sites\/395\/2023\/05\/Vieze.jpg 1080w\" sizes=\"(max-width: 1024px) 100vw, 1024px\" \/><\/figure><div class=\"wp-block-media-text__content\">\n<p>Hi Zusammen \u263a<\/p>\n\n\n\n<p>Ich bin Helena, 23 Jahre alt und komme aus Rheine \ud83c\udfe1<\/p>\n\n\n\n<p>Dort bin ich aber erst vor etwa 7 Jahren hingezogen. Aufgewachsen bin ich im S\u00fcden Bayerns \ud83c\udfd4<\/p>\n\n\n\n<p>In diesem Clubjahr bin ich Vizevorstand und f\u00fcr unsere G\u00e4ste zust\u00e4ndig.<\/p>\n\n\n\n<p>Um bei Interesse mal bei uns vorbei zu schauen, k\u00f6nnt ihr mich jederzeit gerne ansprechen \ud83d\ude4b\ud83c\udffb\u200d\u2640<\/p>\n\n\n\n<p>Ich arbeite bei einer Bank in Rheine, wo ich auch bereits meine Ausbildung zur Bankkauffrau gemacht habe \ud83d\udcb8<\/p>\n\n\n\n<p>Dort durchlaufe ich gerade ein Trainee-Programm rund um das Thema Immobilien.<\/p>\n\n\n\n<p>In meiner Freizeit gehe ich zum Sport und verbringe viel Zeit mit meinem Hund \ud83d\udc36\ud83d\udc3e<\/p>\n<\/div><\/div>\n\n\n\n<h2 class=\"wp-block-heading\">Schatzmeister 2023\/24<\/h2>\n\n\n\n<div class=\"wp-block-media-text alignwide is-stacked-on-mobile is-style-default\"><figure class=\"wp-block-media-text__media\"><img decoding=\"async\" width=\"1024\" height=\"1024\" src=\"https:\/\/kreissteinfurt.rotaract.de\/wp-content\/uploads\/sites\/395\/2023\/05\/Schatzmeister-1024x1024.jpg\" alt=\"\" class=\"wp-image-57 size-full\" srcset=\"https:\/\/kreissteinfurt.rotaract.de\/wp-content\/uploads\/sites\/395\/2023\/05\/Schatzmeister-1024x1024.jpg 1024w, https:\/\/kreissteinfurt.rotaract.de\/wp-content\/uploads\/sites\/395\/2023\/05\/Schatzmeister-300x300.jpg 300w, https:\/\/kreissteinfurt.rotaract.de\/wp-content\/uploads\/sites\/395\/2023\/05\/Schatzmeister-150x150.jpg 150w, https:\/\/kreissteinfurt.rotaract.de\/wp-content\/uploads\/sites\/395\/2023\/05\/Schatzmeister-768x768.jpg 768w, https:\/\/kreissteinfurt.rotaract.de\/wp-content\/uploads\/sites\/395\/2023\/05\/Schatzmeister.jpg 1080w\" sizes=\"(max-width: 1024px) 100vw, 1024px\" \/><\/figure><div class=\"wp-block-media-text__content\">\n<p>Hi, ich bin Alex.<\/p>\n\n\n\n<p>Ich bin 22 Jahre alt und komme aus Rheine.<\/p>\n\n\n\n<p>In meiner Freizeit gehe ich ins Fitnessstudio und spiele Fu\u00dfball.<\/p>\n\n\n\n<p>Ich arbeite bei der Stadtsparkasse Rheine im Bereich der Firmenkunden und studiere nebenbei BWL in M\u00fcnster.<\/p>\n\n\n\n<p>In diesem Clubjahr bin ich der Schatzmeister des RAC Kreis Steinfurt und verwalte unser Konto.<\/p>\n<\/div><\/div>\n\n\n\n<h2 class=\"wp-block-heading\">Sekret\u00e4rin 2023\/24<\/h2>\n\n\n\n<div class=\"wp-block-media-text alignwide is-stacked-on-mobile is-style-default\"><figure class=\"wp-block-media-text__media\"><img decoding=\"async\" width=\"1024\" height=\"1024\" src=\"https:\/\/kreissteinfurt.rotaract.de\/wp-content\/uploads\/sites\/395\/2023\/05\/Sekretaerin-1024x1024.jpg\" alt=\"\" class=\"wp-image-58 size-full\" srcset=\"https:\/\/kreissteinfurt.rotaract.de\/wp-content\/uploads\/sites\/395\/2023\/05\/Sekretaerin-1024x1024.jpg 1024w, https:\/\/kreissteinfurt.rotaract.de\/wp-content\/uploads\/sites\/395\/2023\/05\/Sekretaerin-300x300.jpg 300w, https:\/\/kreissteinfurt.rotaract.de\/wp-content\/uploads\/sites\/395\/2023\/05\/Sekretaerin-150x150.jpg 150w, https:\/\/kreissteinfurt.rotaract.de\/wp-content\/uploads\/sites\/395\/2023\/05\/Sekretaerin-768x768.jpg 768w, https:\/\/kreissteinfurt.rotaract.de\/wp-content\/uploads\/sites\/395\/2023\/05\/Sekretaerin.jpg 1080w\" sizes=\"(max-width: 1024px) 100vw, 1024px\" \/><\/figure><div class=\"wp-block-media-text__content\">\n<p>Moin\ud83d\udc4b\ud83c\udffc<\/p>\n\n\n\n<p>Mein Name ist Maren, ich bin 25 Jahre alt und dieses Jahr Sekret\u00e4rin des RAC Kreis Steinfurt, viele kennen mich als den Absender der Protokolle unserer Meetings.<\/p>\n\n\n\n<p>Dar\u00fcber hinaus betreue ich die Mitglieder- und Terminverwaltung \ud83d\udcc6\ud83d\udcc7.<\/p>\n\n\n\n<p>Ich bin vor 6 Jahren aus dem Sauerland \u26f7 in das sch\u00f6ne Emsland \ud83c\udfe1gezogen.<\/p>\n\n\n\n<p>In meiner Freizeit findet man mich oft im Garten \ud83c\udf31, in Caf\u00e9s \ud83c\udf70 oder ich bin mit Rad \ud83d\udeb2 und Kamera \ud83d\udcf7 unterwegs.<\/p>\n\n\n\n<p>Durch Rotaract konnte ich schon viele neue Leute kennenlernen und freue ich auf alle die noch kommen werden.<\/p>\n\n\n\n<p>Bis bald im RAC Kreis Steinfurt! \ud83d\ude4b\ud83c\udffb\u200d\u2640<\/p>\n<\/div><\/div>\n\n\n\n<p><\/p>\n","protected":false},"excerpt":{"rendered":"<p>An dieser Stelle m\u00f6chten wir uns gerne vorstellen: Pr\u00e4sidentin 2023\/24 Hallo Zusammen, mein Name ist Anna-Augustina und ich bin 20 Jahre alt. In diesem Jahr bin ich Pr\u00e4sidentin und habe unseren Club zur Gr\u00fcndung gef\u00fchrt. In dem Jahr nach meinem Abi 2021 habe viele verschiedene Eindr\u00fccke in unterschiedlichen Bereichen sammeln k\u00f6nnen, zum Beispiel durch das &#8230; <a title=\"Der Club\" class=\"read-more\" href=\"https:\/\/kreissteinfurt.rotaract.de\/?page_id=14\" aria-label=\"Mehr Informationen \u00fcber Der Club\">Weiterlesen<\/a><\/p>\n","protected":false},"author":392,"featured_media":0,"parent":0,"menu_order":1,"comment_status":"closed","ping_status":"closed","template":"","meta":{"footnotes":""},"class_list":["post-14","page","type-page","status-publish"],"yoast_head":"<!-- This site is optimized with the Yoast SEO plugin v27.6 - https:\/\/yoast.com\/product\/yoast-seo-wordpress\/ -->\n<title>Der Club - Rotaract Kreis Steinfurt<\/title>\n<meta name=\"robots\" content=\"index, follow, max-snippet:-1, max-image-preview:large, max-video-preview:-1\" \/>\n<link rel=\"canonical\" href=\"https:\/\/kreissteinfurt.rotaract.de\/?page_id=14\" \/>\n<meta property=\"og:locale\" content=\"de_DE\" \/>\n<meta property=\"og:type\" content=\"article\" \/>\n<meta property=\"og:title\" content=\"Der Club - Rotaract Kreis Steinfurt\" \/>\n<meta property=\"og:description\" content=\"An dieser Stelle m\u00f6chten wir uns gerne vorstellen: Pr\u00e4sidentin 2023\/24 Hallo Zusammen, mein Name ist Anna-Augustina und ich bin 20 Jahre alt. In diesem Jahr bin ich Pr\u00e4sidentin und habe unseren Club zur Gr\u00fcndung gef\u00fchrt. In dem Jahr nach meinem Abi 2021 habe viele verschiedene Eindr\u00fccke in unterschiedlichen Bereichen sammeln k\u00f6nnen, zum Beispiel durch das ... Weiterlesen\" \/>\n<meta property=\"og:url\" content=\"https:\/\/kreissteinfurt.rotaract.de\/?page_id=14\" \/>\n<meta property=\"og:site_name\" content=\"Rotaract Kreis Steinfurt\" \/>\n<meta property=\"article:modified_time\" content=\"2024-06-25T10:46:37+00:00\" \/>\n<meta property=\"og:image\" content=\"https:\/\/kreissteinfurt.rotaract.de\/wp-content\/uploads\/sites\/395\/2023\/05\/Praesidentin-1024x1024.jpg\" \/>\n<meta name=\"twitter:card\" content=\"summary_large_image\" \/>\n<meta name=\"twitter:label1\" content=\"Gesch\u00e4tzte Lesezeit\" \/>\n\t<meta name=\"twitter:data1\" content=\"2\u00a0Minuten\" \/>\n<script type=\"application\/ld+json\" class=\"yoast-schema-graph\">{\"@context\":\"https:\\\/\\\/schema.org\",\"@graph\":[{\"@type\":\"WebPage\",\"@id\":\"https:\\\/\\\/kreissteinfurt.rotaract.de\\\/?page_id=14\",\"url\":\"https:\\\/\\\/kreissteinfurt.rotaract.de\\\/?page_id=14\",\"name\":\"Der Club - Rotaract Kreis Steinfurt\",\"isPartOf\":{\"@id\":\"https:\\\/\\\/kreissteinfurt.rotaract.de\\\/#website\"},\"primaryImageOfPage\":{\"@id\":\"https:\\\/\\\/kreissteinfurt.rotaract.de\\\/?page_id=14#primaryimage\"},\"image\":{\"@id\":\"https:\\\/\\\/kreissteinfurt.rotaract.de\\\/?page_id=14#primaryimage\"},\"thumbnailUrl\":\"https:\\\/\\\/kreissteinfurt.rotaract.de\\\/wp-content\\\/uploads\\\/sites\\\/395\\\/2023\\\/05\\\/Praesidentin-1024x1024.jpg\",\"datePublished\":\"2023-05-19T10:58:04+00:00\",\"dateModified\":\"2024-06-25T10:46:37+00:00\",\"breadcrumb\":{\"@id\":\"https:\\\/\\\/kreissteinfurt.rotaract.de\\\/?page_id=14#breadcrumb\"},\"inLanguage\":\"de\",\"potentialAction\":[{\"@type\":\"ReadAction\",\"target\":[\"https:\\\/\\\/kreissteinfurt.rotaract.de\\\/?page_id=14\"]}]},{\"@type\":\"ImageObject\",\"inLanguage\":\"de\",\"@id\":\"https:\\\/\\\/kreissteinfurt.rotaract.de\\\/?page_id=14#primaryimage\",\"url\":\"https:\\\/\\\/kreissteinfurt.rotaract.de\\\/wp-content\\\/uploads\\\/sites\\\/395\\\/2023\\\/05\\\/Praesidentin-1024x1024.jpg\",\"contentUrl\":\"https:\\\/\\\/kreissteinfurt.rotaract.de\\\/wp-content\\\/uploads\\\/sites\\\/395\\\/2023\\\/05\\\/Praesidentin-1024x1024.jpg\"},{\"@type\":\"BreadcrumbList\",\"@id\":\"https:\\\/\\\/kreissteinfurt.rotaract.de\\\/?page_id=14#breadcrumb\",\"itemListElement\":[{\"@type\":\"ListItem\",\"position\":1,\"name\":\"Startseite\",\"item\":\"https:\\\/\\\/kreissteinfurt.rotaract.de\\\/\"},{\"@type\":\"ListItem\",\"position\":2,\"name\":\"Der Club\"}]},{\"@type\":\"WebSite\",\"@id\":\"https:\\\/\\\/kreissteinfurt.rotaract.de\\\/#website\",\"url\":\"https:\\\/\\\/kreissteinfurt.rotaract.de\\\/\",\"name\":\"Rotaract Kreis Steinfurt\",\"description\":\"Distrikt 1870\",\"potentialAction\":[{\"@type\":\"SearchAction\",\"target\":{\"@type\":\"EntryPoint\",\"urlTemplate\":\"https:\\\/\\\/kreissteinfurt.rotaract.de\\\/?s={search_term_string}\"},\"query-input\":{\"@type\":\"PropertyValueSpecification\",\"valueRequired\":true,\"valueName\":\"search_term_string\"}}],\"inLanguage\":\"de\"}]}<\/script>\n<!-- \/ Yoast SEO plugin. -->","yoast_head_json":{"title":"Der Club - Rotaract Kreis Steinfurt","robots":{"index":"index","follow":"follow","max-snippet":"max-snippet:-1","max-image-preview":"max-image-preview:large","max-video-preview":"max-video-preview:-1"},"canonical":"https:\/\/kreissteinfurt.rotaract.de\/?page_id=14","og_locale":"de_DE","og_type":"article","og_title":"Der Club - Rotaract Kreis Steinfurt","og_description":"An dieser Stelle m\u00f6chten wir uns gerne vorstellen: Pr\u00e4sidentin 2023\/24 Hallo Zusammen, mein Name ist Anna-Augustina und ich bin 20 Jahre alt. In diesem Jahr bin ich Pr\u00e4sidentin und habe unseren Club zur Gr\u00fcndung gef\u00fchrt. In dem Jahr nach meinem Abi 2021 habe viele verschiedene Eindr\u00fccke in unterschiedlichen Bereichen sammeln k\u00f6nnen, zum Beispiel durch das ... Weiterlesen","og_url":"https:\/\/kreissteinfurt.rotaract.de\/?page_id=14","og_site_name":"Rotaract Kreis Steinfurt","article_modified_time":"2024-06-25T10:46:37+00:00","og_image":[{"url":"https:\/\/kreissteinfurt.rotaract.de\/wp-content\/uploads\/sites\/395\/2023\/05\/Praesidentin-1024x1024.jpg","type":"","width":"","height":""}],"twitter_card":"summary_large_image","twitter_misc":{"Gesch\u00e4tzte Lesezeit":"2\u00a0Minuten"},"schema":{"@context":"https:\/\/schema.org","@graph":[{"@type":"WebPage","@id":"https:\/\/kreissteinfurt.rotaract.de\/?page_id=14","url":"https:\/\/kreissteinfurt.rotaract.de\/?page_id=14","name":"Der Club - Rotaract Kreis Steinfurt","isPartOf":{"@id":"https:\/\/kreissteinfurt.rotaract.de\/#website"},"primaryImageOfPage":{"@id":"https:\/\/kreissteinfurt.rotaract.de\/?page_id=14#primaryimage"},"image":{"@id":"https:\/\/kreissteinfurt.rotaract.de\/?page_id=14#primaryimage"},"thumbnailUrl":"https:\/\/kreissteinfurt.rotaract.de\/wp-content\/uploads\/sites\/395\/2023\/05\/Praesidentin-1024x1024.jpg","datePublished":"2023-05-19T10:58:04+00:00","dateModified":"2024-06-25T10:46:37+00:00","breadcrumb":{"@id":"https:\/\/kreissteinfurt.rotaract.de\/?page_id=14#breadcrumb"},"inLanguage":"de","potentialAction":[{"@type":"ReadAction","target":["https:\/\/kreissteinfurt.rotaract.de\/?page_id=14"]}]},{"@type":"ImageObject","inLanguage":"de","@id":"https:\/\/kreissteinfurt.rotaract.de\/?page_id=14#primaryimage","url":"https:\/\/kreissteinfurt.rotaract.de\/wp-content\/uploads\/sites\/395\/2023\/05\/Praesidentin-1024x1024.jpg","contentUrl":"https:\/\/kreissteinfurt.rotaract.de\/wp-content\/uploads\/sites\/395\/2023\/05\/Praesidentin-1024x1024.jpg"},{"@type":"BreadcrumbList","@id":"https:\/\/kreissteinfurt.rotaract.de\/?page_id=14#breadcrumb","itemListElement":[{"@type":"ListItem","position":1,"name":"Startseite","item":"https:\/\/kreissteinfurt.rotaract.de\/"},{"@type":"ListItem","position":2,"name":"Der Club"}]},{"@type":"WebSite","@id":"https:\/\/kreissteinfurt.rotaract.de\/#website","url":"https:\/\/kreissteinfurt.rotaract.de\/","name":"Rotaract Kreis Steinfurt","description":"Distrikt 1870","potentialAction":[{"@type":"SearchAction","target":{"@type":"EntryPoint","urlTemplate":"https:\/\/kreissteinfurt.rotaract.de\/?s={search_term_string}"},"query-input":{"@type":"PropertyValueSpecification","valueRequired":true,"valueName":"search_term_string"}}],"inLanguage":"de"}]}},"_links":{"self":[{"href":"https:\/\/kreissteinfurt.rotaract.de\/index.php?rest_route=\/wp\/v2\/pages\/14","targetHints":{"allow":["GET"]}}],"collection":[{"href":"https:\/\/kreissteinfurt.rotaract.de\/index.php?rest_route=\/wp\/v2\/pages"}],"about":[{"href":"https:\/\/kreissteinfurt.rotaract.de\/index.php?rest_route=\/wp\/v2\/types\/page"}],"author":[{"embeddable":true,"href":"https:\/\/kreissteinfurt.rotaract.de\/index.php?rest_route=\/wp\/v2\/users\/392"}],"replies":[{"embeddable":true,"href":"https:\/\/kreissteinfurt.rotaract.de\/index.php?rest_route=%2Fwp%2Fv2%2Fcomments&post=14"}],"version-history":[{"count":4,"href":"https:\/\/kreissteinfurt.rotaract.de\/index.php?rest_route=\/wp\/v2\/pages\/14\/revisions"}],"predecessor-version":[{"id":139,"href":"https:\/\/kreissteinfurt.rotaract.de\/index.php?rest_route=\/wp\/v2\/pages\/14\/revisions\/139"}],"wp:attachment":[{"href":"https:\/\/kreissteinfurt.rotaract.de\/index.php?rest_route=%2Fwp%2Fv2%2Fmedia&parent=14"}],"curies":[{"name":"wp","href":"https:\/\/api.w.org\/{rel}","templated":true}]}}