{"id":16,"date":"2023-05-19T12:59:07","date_gmt":"2023-05-19T10:59:07","guid":{"rendered":"https:\/\/kreissteinfurt.rotaract.de\/?page_id=16"},"modified":"2024-07-08T14:17:34","modified_gmt":"2024-07-08T12:17:34","slug":"lernen","status":"publish","type":"page","link":"https:\/\/kreissteinfurt.rotaract.de\/?page_id=16","title":{"rendered":"Lernen"},"content":{"rendered":"\n<p>Hier findest du alle Informationen rund um vergangene und Zuk\u00fcnftige Vortr\u00e4ge im RAC Kreis Steinfurt und au\u00dferdem immer wieder Informationen \u00fcber Rotaract selbst<\/p>\n\n\n\n<div class=\"wp-block-media-text is-stacked-on-mobile\"><figure class=\"wp-block-media-text__media\"><img decoding=\"async\" width=\"768\" height=\"1024\" src=\"https:\/\/kreissteinfurt.rotaract.de\/wp-content\/uploads\/sites\/395\/2024\/07\/1000056017_e10b0f0e3145f44fe2f2daa89905362b-1.7.2024-13_51_30-768x1024.jpg\" alt=\"\" class=\"wp-image-282 size-full\" srcset=\"https:\/\/kreissteinfurt.rotaract.de\/wp-content\/uploads\/sites\/395\/2024\/07\/1000056017_e10b0f0e3145f44fe2f2daa89905362b-1.7.2024-13_51_30-768x1024.jpg 768w, https:\/\/kreissteinfurt.rotaract.de\/wp-content\/uploads\/sites\/395\/2024\/07\/1000056017_e10b0f0e3145f44fe2f2daa89905362b-1.7.2024-13_51_30-225x300.jpg 225w, https:\/\/kreissteinfurt.rotaract.de\/wp-content\/uploads\/sites\/395\/2024\/07\/1000056017_e10b0f0e3145f44fe2f2daa89905362b-1.7.2024-13_51_30-1152x1536.jpg 1152w, https:\/\/kreissteinfurt.rotaract.de\/wp-content\/uploads\/sites\/395\/2024\/07\/1000056017_e10b0f0e3145f44fe2f2daa89905362b-1.7.2024-13_51_30.jpg 1200w\" sizes=\"(max-width: 768px) 100vw, 768px\" \/><\/figure><div class=\"wp-block-media-text__content\">\n<p><strong>Besichtigung der Firmen Sigma Druck und Datamail<\/strong><\/p>\n\n\n\n<p>Vor unserer \u00c4mter\u00fcbergabe konnten wir am 28.06.2024 einen spannenden Einblick in die Welt des Drucks und der Arbeit eines Lettershops erhalten.<\/p>\n<\/div><\/div>\n\n\n<div class=\"gb-container gb-container-d8bb685c\">\n<div class=\"gb-container gb-container-5b3faa90\">\n\n<div class=\"wp-block-media-text has-media-on-the-right is-stacked-on-mobile\" style=\"grid-template-columns:auto 59%\"><div class=\"wp-block-media-text__content\">\n<p><strong>Distriktkonferenz 1870<\/strong><\/p>\n\n\n\n<p>Am 22.06.2024 fand die dritte und letzte Distriktkonferenz dieses rotarischen Jahres in Duisburg statt.<\/p>\n<\/div><figure class=\"wp-block-media-text__media\"><img decoding=\"async\" width=\"768\" height=\"1024\" src=\"https:\/\/kreissteinfurt.rotaract.de\/wp-content\/uploads\/sites\/395\/2024\/06\/WhatsApp-Bild-2024-06-25-um-21.35.31_3ab39f2f-2-768x1024.jpg\" alt=\"\" class=\"wp-image-190 size-full\" srcset=\"https:\/\/kreissteinfurt.rotaract.de\/wp-content\/uploads\/sites\/395\/2024\/06\/WhatsApp-Bild-2024-06-25-um-21.35.31_3ab39f2f-2-768x1024.jpg 768w, https:\/\/kreissteinfurt.rotaract.de\/wp-content\/uploads\/sites\/395\/2024\/06\/WhatsApp-Bild-2024-06-25-um-21.35.31_3ab39f2f-2-225x300.jpg 225w, https:\/\/kreissteinfurt.rotaract.de\/wp-content\/uploads\/sites\/395\/2024\/06\/WhatsApp-Bild-2024-06-25-um-21.35.31_3ab39f2f-2-1152x1536.jpg 1152w, https:\/\/kreissteinfurt.rotaract.de\/wp-content\/uploads\/sites\/395\/2024\/06\/WhatsApp-Bild-2024-06-25-um-21.35.31_3ab39f2f-2.jpg 1200w\" sizes=\"(max-width: 768px) 100vw, 768px\" \/><\/figure><\/div>\n\n<\/div>\n<\/div>\n\n\n<div class=\"wp-block-media-text is-stacked-on-mobile\"><figure class=\"wp-block-media-text__media\"><img decoding=\"async\" width=\"618\" height=\"881\" src=\"http:\/\/kreissteinfurt.rotaract.de\/wp-content\/uploads\/sites\/395\/2024\/06\/Buso.jpg\" alt=\"\" class=\"wp-image-178 size-full\" srcset=\"https:\/\/kreissteinfurt.rotaract.de\/wp-content\/uploads\/sites\/395\/2024\/06\/Buso.jpg 618w, https:\/\/kreissteinfurt.rotaract.de\/wp-content\/uploads\/sites\/395\/2024\/06\/Buso-210x300.jpg 210w\" sizes=\"(max-width: 618px) 100vw, 618px\" \/><\/figure><div class=\"wp-block-media-text__content\">\n<p><strong>BuSo Vortragsreihe<\/strong><\/p>\n\n\n\n<p>Zur diesj\u00e4hrigen Bundessozial-aktion gab es eine spannende Vortragsreihe mit verschiedensten Themenfeldern und Vortragenden.<\/p>\n<\/div><\/div>\n\n\n\n<div class=\"wp-block-media-text has-media-on-the-right is-stacked-on-mobile\"><div class=\"wp-block-media-text__content\">\n<p class=\"has-text-align-center\"><strong>Vortr\u00e4ge auf der Deutschlandkonferenz in Hamburg<\/strong><\/p>\n\n\n\n<p>In der ersten Key Note wurde uns die Arbeit von Viva con Agua genauer vorgestellt.<\/p>\n\n\n\n<p>Die zweite Key Note wurde von Caro Matzko zum Thema Mental Health gehalten.<\/p>\n<\/div><figure class=\"wp-block-media-text__media\"><img decoding=\"async\" width=\"768\" height=\"1024\" src=\"https:\/\/kreissteinfurt.rotaract.de\/wp-content\/uploads\/sites\/395\/2024\/06\/WhatsApp-Bild-2024-06-25-um-22.20.04_8845e070-768x1024.jpg\" alt=\"\" class=\"wp-image-194 size-full\" srcset=\"https:\/\/kreissteinfurt.rotaract.de\/wp-content\/uploads\/sites\/395\/2024\/06\/WhatsApp-Bild-2024-06-25-um-22.20.04_8845e070-768x1024.jpg 768w, https:\/\/kreissteinfurt.rotaract.de\/wp-content\/uploads\/sites\/395\/2024\/06\/WhatsApp-Bild-2024-06-25-um-22.20.04_8845e070-225x300.jpg 225w, https:\/\/kreissteinfurt.rotaract.de\/wp-content\/uploads\/sites\/395\/2024\/06\/WhatsApp-Bild-2024-06-25-um-22.20.04_8845e070-1152x1536.jpg 1152w, https:\/\/kreissteinfurt.rotaract.de\/wp-content\/uploads\/sites\/395\/2024\/06\/WhatsApp-Bild-2024-06-25-um-22.20.04_8845e070.jpg 1512w\" sizes=\"(max-width: 768px) 100vw, 768px\" \/><\/figure><\/div>\n\n\n<div class=\"gb-container gb-container-fea0e1bf\">\n<div class=\"gb-grid-wrapper gb-grid-wrapper-75f480f8\">\n<div class=\"gb-grid-column gb-grid-column-9e0dca94\"><div class=\"gb-container gb-container-9e0dca94\">\n\n<div class=\"wp-block-media-text is-stacked-on-mobile\"><figure class=\"wp-block-media-text__media\"><img decoding=\"async\" width=\"768\" height=\"1024\" src=\"http:\/\/kreissteinfurt.rotaract.de\/wp-content\/uploads\/sites\/395\/2024\/06\/WhatsApp-Bild-2024-06-25-um-21.55.15_1dcef645-768x1024.jpg\" alt=\"\" class=\"wp-image-184 size-full\" srcset=\"https:\/\/kreissteinfurt.rotaract.de\/wp-content\/uploads\/sites\/395\/2024\/06\/WhatsApp-Bild-2024-06-25-um-21.55.15_1dcef645-768x1024.jpg 768w, https:\/\/kreissteinfurt.rotaract.de\/wp-content\/uploads\/sites\/395\/2024\/06\/WhatsApp-Bild-2024-06-25-um-21.55.15_1dcef645-225x300.jpg 225w, https:\/\/kreissteinfurt.rotaract.de\/wp-content\/uploads\/sites\/395\/2024\/06\/WhatsApp-Bild-2024-06-25-um-21.55.15_1dcef645-1152x1536.jpg 1152w, https:\/\/kreissteinfurt.rotaract.de\/wp-content\/uploads\/sites\/395\/2024\/06\/WhatsApp-Bild-2024-06-25-um-21.55.15_1dcef645.jpg 1512w\" sizes=\"(max-width: 768px) 100vw, 768px\" \/><\/figure><div class=\"wp-block-media-text__content\">\n<p class=\"has-text-align-center\"><strong>F\u00fchrung durchs Erdbeerfeld &amp; Spargelhof Holsterfeld<\/strong> <strong>mit den Rotary Rheine<\/strong><\/p>\n\n\n\n<p>Am 28.05.2024 durften wir gemeinsam mit den Rotary Rheine an einer F\u00fchrung durch ein Bio-Erdbeerfeld vom Spargelhof Gut Holsterfeld teilnehmen. <\/p>\n\n\n\n<p>Anschlie\u00dfend wurden sowohl der Spargel, als auch die Erdbeeren bei einem gemeinschaftlichen Abendessen verk\u00f6stigt.<\/p>\n<\/div><\/div>\n\n<\/div><\/div>\n<\/div>\n<\/div>\n\n<div class=\"gb-grid-wrapper gb-grid-wrapper-4c0a4c6e\">\n<div class=\"gb-grid-column gb-grid-column-066e6a72\"><div class=\"gb-container gb-container-066e6a72\">\n\n<div class=\"wp-block-media-text has-media-on-the-right is-stacked-on-mobile\"><div class=\"wp-block-media-text__content\">\n<p class=\"has-text-align-left\"><strong>Bora Besichtigung mit dem RAC Herford<\/strong><\/p>\n\n\n\n<p>Am 24.01.2024 hat uns der RAC Herford zu einer F\u00fchrung durch den neuen Flagshipstore von Bora eingeladen.<\/p>\n\n\n\n<p>Vielen Dank f\u00fcr den sch\u00f6nen Abend!<\/p>\n<\/div><figure class=\"wp-block-media-text__media\"><img decoding=\"async\" width=\"1024\" height=\"1007\" src=\"http:\/\/kreissteinfurt.rotaract.de\/wp-content\/uploads\/sites\/395\/2024\/06\/WhatsApp-Bild-2024-06-25-um-21.57.34_9f9e5c19-1-1024x1007.jpg\" alt=\"\" class=\"wp-image-183 size-full\" srcset=\"https:\/\/kreissteinfurt.rotaract.de\/wp-content\/uploads\/sites\/395\/2024\/06\/WhatsApp-Bild-2024-06-25-um-21.57.34_9f9e5c19-1-1024x1007.jpg 1024w, https:\/\/kreissteinfurt.rotaract.de\/wp-content\/uploads\/sites\/395\/2024\/06\/WhatsApp-Bild-2024-06-25-um-21.57.34_9f9e5c19-1-300x295.jpg 300w, https:\/\/kreissteinfurt.rotaract.de\/wp-content\/uploads\/sites\/395\/2024\/06\/WhatsApp-Bild-2024-06-25-um-21.57.34_9f9e5c19-1-768x755.jpg 768w, https:\/\/kreissteinfurt.rotaract.de\/wp-content\/uploads\/sites\/395\/2024\/06\/WhatsApp-Bild-2024-06-25-um-21.57.34_9f9e5c19-1.jpg 1080w\" sizes=\"(max-width: 1024px) 100vw, 1024px\" \/><\/figure><\/div>\n\n<\/div><\/div>\n<\/div>\n\n<div class=\"gb-grid-wrapper gb-grid-wrapper-728e2e7b\">\n<div class=\"gb-grid-column gb-grid-column-89394023\"><div class=\"gb-container gb-container-89394023\">\n\n<p class=\"has-text-align-center\"><strong>Distriktkonferenz 1870 <\/strong><\/p>\n\n\n\n<p>Am 23.09.2023 fand gemeinsam mit dem Distrikt 1890 die Distriktkonferenz in Osnabr\u00fcck statt.<\/p>\n\n<\/div><\/div>\n\n<div class=\"gb-grid-column gb-grid-column-36140861\"><div class=\"gb-container gb-container-36140861\">\n\n<div class=\"wp-block-media-text is-stacked-on-mobile\"><figure class=\"wp-block-media-text__media\"><img decoding=\"async\" width=\"768\" height=\"1024\" src=\"http:\/\/kreissteinfurt.rotaract.de\/wp-content\/uploads\/sites\/395\/2024\/06\/WVS-768x1024.jpg\" alt=\"\" class=\"wp-image-176 size-full\" srcset=\"https:\/\/kreissteinfurt.rotaract.de\/wp-content\/uploads\/sites\/395\/2024\/06\/WVS-768x1024.jpg 768w, https:\/\/kreissteinfurt.rotaract.de\/wp-content\/uploads\/sites\/395\/2024\/06\/WVS-225x300.jpg 225w, https:\/\/kreissteinfurt.rotaract.de\/wp-content\/uploads\/sites\/395\/2024\/06\/WVS-1152x1536.jpg 1152w, https:\/\/kreissteinfurt.rotaract.de\/wp-content\/uploads\/sites\/395\/2024\/06\/WVS.jpg 1200w\" sizes=\"(max-width: 768px) 100vw, 768px\" \/><\/figure><div class=\"wp-block-media-text__content\">\n<p><strong>Austausch mit der Wirtschafts-vereinigung Steinfurt<\/strong><\/p>\n\n\n\n<p>Am 04.03.2024 gab es einen regen Austausch mit dem Gesch\u00e4ftsf\u00fchrer der Wirtschafts-vereinigung Steinfurt, bei der sich die gegenseitig die Arbeit des Anderen n\u00e4hergebracht wurde.<\/p>\n<\/div><\/div>\n\n<\/div><\/div>\n\n<div class=\"gb-grid-column gb-grid-column-fdfd6f5d\"><div class=\"gb-container gb-container-fdfd6f5d\">\n\n<div class=\"wp-block-media-text has-media-on-the-right is-stacked-on-mobile\"><div class=\"wp-block-media-text__content\">\n<p><strong>Besichtigung Wasserturm Emsdetten mit den Rotary Emsdetten<\/strong><\/p>\n\n\n\n<p>Am 21.08.2023 haben wir gemeinsam mit den Rotary Emsdetten den Wasserturm in Emsdetten erklommen. Neben spannenden Informationen gab es nach 101 Beton- und 65 Stahlstufen eine wundersch\u00f6ne Aussicht zur Belohnung.<\/p>\n<\/div><figure class=\"wp-block-media-text__media\"><img decoding=\"async\" width=\"1024\" height=\"768\" src=\"http:\/\/kreissteinfurt.rotaract.de\/wp-content\/uploads\/sites\/395\/2024\/06\/WhatsApp-Bild-2023-08-23-um-12.08.29.jpg\" alt=\"\" class=\"wp-image-177 size-full\" srcset=\"https:\/\/kreissteinfurt.rotaract.de\/wp-content\/uploads\/sites\/395\/2024\/06\/WhatsApp-Bild-2023-08-23-um-12.08.29.jpg 1024w, https:\/\/kreissteinfurt.rotaract.de\/wp-content\/uploads\/sites\/395\/2024\/06\/WhatsApp-Bild-2023-08-23-um-12.08.29-300x225.jpg 300w, https:\/\/kreissteinfurt.rotaract.de\/wp-content\/uploads\/sites\/395\/2024\/06\/WhatsApp-Bild-2023-08-23-um-12.08.29-768x576.jpg 768w\" sizes=\"(max-width: 1024px) 100vw, 1024px\" \/><\/figure><\/div>\n\n<\/div><\/div>\n<\/div>\n\n\n<div class=\"wp-block-media-text alignwide is-stacked-on-mobile\"><figure class=\"wp-block-media-text__media\"><img decoding=\"async\" width=\"576\" height=\"1024\" src=\"https:\/\/kreissteinfurt.rotaract.de\/wp-content\/uploads\/sites\/395\/2023\/06\/Vortraege-576x1024.jpg\" alt=\"\" class=\"wp-image-93 size-full\" srcset=\"https:\/\/kreissteinfurt.rotaract.de\/wp-content\/uploads\/sites\/395\/2023\/06\/Vortraege-576x1024.jpg 576w, https:\/\/kreissteinfurt.rotaract.de\/wp-content\/uploads\/sites\/395\/2023\/06\/Vortraege-169x300.jpg 169w, https:\/\/kreissteinfurt.rotaract.de\/wp-content\/uploads\/sites\/395\/2023\/06\/Vortraege-768x1365.jpg 768w, https:\/\/kreissteinfurt.rotaract.de\/wp-content\/uploads\/sites\/395\/2023\/06\/Vortraege-864x1536.jpg 864w, https:\/\/kreissteinfurt.rotaract.de\/wp-content\/uploads\/sites\/395\/2023\/06\/Vortraege.jpg 1080w\" sizes=\"(max-width: 576px) 100vw, 576px\" \/><\/figure><div class=\"wp-block-media-text__content\">\n<p><strong>&#8222;Die Zukunft innereurop\u00e4ischer Fl\u00fcge &#8211; Prestigeobjekt der Gesellschaft oder notwendiges \u00dcbel?&#8220;<\/strong><\/p>\n\n\n\n<p>Am 27.06.2023 wird Jocelyn Haus aus dem scheidenden Distriktteam uns zu diesem Thema informieren. Wer noch dabei sein m\u00f6chte kann sich gerne bei uns melden!<\/p>\n\n\n\n<p>Per Insta- Direktnachricht an rac.kreis.steinfurt oder per Mail an kreis-steinfurt@rotaract.de<\/p>\n<\/div><\/div>\n\n\n\n<div class=\"wp-block-media-text alignwide has-media-on-the-right is-stacked-on-mobile\"><div class=\"wp-block-media-text__content\">\n<p><strong>Thementag Wasser<\/strong><\/p>\n\n\n\n<p>Am 22.05.2023 gab es den ersten distrikt\u00fcbergreifenden Thementag. Unter dem Motto Water is Life durften wir spannende Vortr\u00e4ge und Erfahrungsberichte h\u00f6ren.<\/p>\n<\/div><figure class=\"wp-block-media-text__media\"><img decoding=\"async\" width=\"768\" height=\"1024\" src=\"https:\/\/kreissteinfurt.rotaract.de\/wp-content\/uploads\/sites\/395\/2023\/06\/Thementag-Wasser-Essen.jpg\" alt=\"\" class=\"wp-image-91 size-full\" srcset=\"https:\/\/kreissteinfurt.rotaract.de\/wp-content\/uploads\/sites\/395\/2023\/06\/Thementag-Wasser-Essen.jpg 768w, https:\/\/kreissteinfurt.rotaract.de\/wp-content\/uploads\/sites\/395\/2023\/06\/Thementag-Wasser-Essen-225x300.jpg 225w\" sizes=\"(max-width: 768px) 100vw, 768px\" \/><\/figure><\/div>\n\n\n\n<div class=\"wp-block-media-text alignwide is-stacked-on-mobile\"><figure class=\"wp-block-media-text__media\"><img decoding=\"async\" width=\"1024\" height=\"768\" src=\"https:\/\/kreissteinfurt.rotaract.de\/wp-content\/uploads\/sites\/395\/2023\/05\/Kidskamp1.jpg\" alt=\"\" class=\"wp-image-64 size-full\" srcset=\"https:\/\/kreissteinfurt.rotaract.de\/wp-content\/uploads\/sites\/395\/2023\/05\/Kidskamp1.jpg 1024w, https:\/\/kreissteinfurt.rotaract.de\/wp-content\/uploads\/sites\/395\/2023\/05\/Kidskamp1-300x225.jpg 300w, https:\/\/kreissteinfurt.rotaract.de\/wp-content\/uploads\/sites\/395\/2023\/05\/Kidskamp1-768x576.jpg 768w\" sizes=\"(max-width: 1024px) 100vw, 1024px\" \/><\/figure><div class=\"wp-block-media-text__content\">\n<p><strong>Vorstellung KidsCamp<\/strong><\/p>\n\n\n\n<p>Am 02.05.2023 wurde uns von Tim Gruchmann das Rotaract KidsCamp vorgstellt.<\/p>\n<\/div><\/div>\n\n\n\n<div class=\"wp-block-media-text alignwide has-media-on-the-right is-stacked-on-mobile\"><div class=\"wp-block-media-text__content\">\n<p><strong>Distriktkonferenz 1870<\/strong><\/p>\n\n\n\n<p>Wir konnten in diesem Jahr bereits an einer Distriktkonferenz teilnehmen und uns ein wenig vernetzen.<\/p>\n<\/div><figure class=\"wp-block-media-text__media\"><img decoding=\"async\" width=\"642\" height=\"428\" src=\"https:\/\/kreissteinfurt.rotaract.de\/wp-content\/uploads\/sites\/395\/2023\/05\/Bild5.jpg\" alt=\"\" class=\"wp-image-78 size-full\" srcset=\"https:\/\/kreissteinfurt.rotaract.de\/wp-content\/uploads\/sites\/395\/2023\/05\/Bild5.jpg 642w, https:\/\/kreissteinfurt.rotaract.de\/wp-content\/uploads\/sites\/395\/2023\/05\/Bild5-300x200.jpg 300w\" sizes=\"(max-width: 642px) 100vw, 642px\" \/><\/figure><\/div>\n\n\n\n<div class=\"wp-block-media-text alignwide is-stacked-on-mobile is-image-fill\"><figure class=\"wp-block-media-text__media\" style=\"background-image:url(https:\/\/kreissteinfurt.rotaract.de\/wp-content\/uploads\/sites\/395\/2023\/05\/Bild6.jpg);background-position:58% 13%\"><img decoding=\"async\" width=\"183\" height=\"272\" src=\"https:\/\/kreissteinfurt.rotaract.de\/wp-content\/uploads\/sites\/395\/2023\/05\/Bild6.jpg\" alt=\"\" class=\"wp-image-80 size-full\"\/><\/figure><div class=\"wp-block-media-text__content\">\n<p><strong>Deutschlandkonferenz 2023<\/strong><\/p>\n\n\n\n<p>Im M\u00e4rz hatten wir die tolle Chance, an der ersten Deutschlandkonferenz in Pr\u00e4senz nach Corona teilzunehmen. Ein tolles Erlebnis.<\/p>\n<\/div><\/div>\n","protected":false},"excerpt":{"rendered":"<p>Hier findest du alle Informationen rund um vergangene und Zuk\u00fcnftige Vortr\u00e4ge im RAC Kreis Steinfurt und au\u00dferdem immer wieder Informationen \u00fcber Rotaract selbst Besichtigung der Firmen Sigma Druck und Datamail Vor unserer \u00c4mter\u00fcbergabe konnten wir am 28.06.2024 einen spannenden Einblick in die Welt des Drucks und der Arbeit eines Lettershops erhalten. Distriktkonferenz 1870 Am 22.06.2024 &#8230; <a title=\"Lernen\" class=\"read-more\" href=\"https:\/\/kreissteinfurt.rotaract.de\/?page_id=16\" aria-label=\"Mehr Informationen \u00fcber Lernen\">Weiterlesen<\/a><\/p>\n","protected":false},"author":392,"featured_media":0,"parent":0,"menu_order":2,"comment_status":"closed","ping_status":"closed","template":"","meta":{"footnotes":""},"class_list":["post-16","page","type-page","status-publish"],"yoast_head":"<!-- This site is optimized with the Yoast SEO plugin v27.6 - https:\/\/yoast.com\/product\/yoast-seo-wordpress\/ -->\n<title>Lernen - Rotaract Kreis Steinfurt<\/title>\n<meta name=\"robots\" content=\"index, follow, max-snippet:-1, max-image-preview:large, max-video-preview:-1\" \/>\n<link rel=\"canonical\" href=\"https:\/\/kreissteinfurt.rotaract.de\/?page_id=16\" \/>\n<meta property=\"og:locale\" content=\"de_DE\" \/>\n<meta property=\"og:type\" content=\"article\" \/>\n<meta property=\"og:title\" content=\"Lernen - Rotaract Kreis Steinfurt\" \/>\n<meta property=\"og:description\" content=\"Hier findest du alle Informationen rund um vergangene und Zuk\u00fcnftige Vortr\u00e4ge im RAC Kreis Steinfurt und au\u00dferdem immer wieder Informationen \u00fcber Rotaract selbst Besichtigung der Firmen Sigma Druck und Datamail Vor unserer \u00c4mter\u00fcbergabe konnten wir am 28.06.2024 einen spannenden Einblick in die Welt des Drucks und der Arbeit eines Lettershops erhalten. Distriktkonferenz 1870 Am 22.06.2024 ... Weiterlesen\" \/>\n<meta property=\"og:url\" content=\"https:\/\/kreissteinfurt.rotaract.de\/?page_id=16\" \/>\n<meta property=\"og:site_name\" content=\"Rotaract Kreis Steinfurt\" \/>\n<meta property=\"article:modified_time\" content=\"2024-07-08T12:17:34+00:00\" \/>\n<meta property=\"og:image\" content=\"https:\/\/kreissteinfurt.rotaract.de\/wp-content\/uploads\/sites\/395\/2024\/07\/1000056017_e10b0f0e3145f44fe2f2daa89905362b-1.7.2024-13_51_30-768x1024.jpg\" \/>\n<meta name=\"twitter:card\" content=\"summary_large_image\" \/>\n<meta name=\"twitter:label1\" content=\"Gesch\u00e4tzte Lesezeit\" \/>\n\t<meta name=\"twitter:data1\" content=\"2\u00a0Minuten\" \/>\n<script type=\"application\/ld+json\" class=\"yoast-schema-graph\">{\"@context\":\"https:\\\/\\\/schema.org\",\"@graph\":[{\"@type\":\"WebPage\",\"@id\":\"https:\\\/\\\/kreissteinfurt.rotaract.de\\\/?page_id=16\",\"url\":\"https:\\\/\\\/kreissteinfurt.rotaract.de\\\/?page_id=16\",\"name\":\"Lernen - Rotaract Kreis Steinfurt\",\"isPartOf\":{\"@id\":\"https:\\\/\\\/kreissteinfurt.rotaract.de\\\/#website\"},\"primaryImageOfPage\":{\"@id\":\"https:\\\/\\\/kreissteinfurt.rotaract.de\\\/?page_id=16#primaryimage\"},\"image\":{\"@id\":\"https:\\\/\\\/kreissteinfurt.rotaract.de\\\/?page_id=16#primaryimage\"},\"thumbnailUrl\":\"https:\\\/\\\/kreissteinfurt.rotaract.de\\\/wp-content\\\/uploads\\\/sites\\\/395\\\/2024\\\/07\\\/1000056017_e10b0f0e3145f44fe2f2daa89905362b-1.7.2024-13_51_30-768x1024.jpg\",\"datePublished\":\"2023-05-19T10:59:07+00:00\",\"dateModified\":\"2024-07-08T12:17:34+00:00\",\"breadcrumb\":{\"@id\":\"https:\\\/\\\/kreissteinfurt.rotaract.de\\\/?page_id=16#breadcrumb\"},\"inLanguage\":\"de\",\"potentialAction\":[{\"@type\":\"ReadAction\",\"target\":[\"https:\\\/\\\/kreissteinfurt.rotaract.de\\\/?page_id=16\"]}]},{\"@type\":\"ImageObject\",\"inLanguage\":\"de\",\"@id\":\"https:\\\/\\\/kreissteinfurt.rotaract.de\\\/?page_id=16#primaryimage\",\"url\":\"https:\\\/\\\/kreissteinfurt.rotaract.de\\\/wp-content\\\/uploads\\\/sites\\\/395\\\/2024\\\/07\\\/1000056017_e10b0f0e3145f44fe2f2daa89905362b-1.7.2024-13_51_30-768x1024.jpg\",\"contentUrl\":\"https:\\\/\\\/kreissteinfurt.rotaract.de\\\/wp-content\\\/uploads\\\/sites\\\/395\\\/2024\\\/07\\\/1000056017_e10b0f0e3145f44fe2f2daa89905362b-1.7.2024-13_51_30-768x1024.jpg\"},{\"@type\":\"BreadcrumbList\",\"@id\":\"https:\\\/\\\/kreissteinfurt.rotaract.de\\\/?page_id=16#breadcrumb\",\"itemListElement\":[{\"@type\":\"ListItem\",\"position\":1,\"name\":\"Startseite\",\"item\":\"https:\\\/\\\/kreissteinfurt.rotaract.de\\\/\"},{\"@type\":\"ListItem\",\"position\":2,\"name\":\"Lernen\"}]},{\"@type\":\"WebSite\",\"@id\":\"https:\\\/\\\/kreissteinfurt.rotaract.de\\\/#website\",\"url\":\"https:\\\/\\\/kreissteinfurt.rotaract.de\\\/\",\"name\":\"Rotaract Kreis Steinfurt\",\"description\":\"Distrikt 1870\",\"potentialAction\":[{\"@type\":\"SearchAction\",\"target\":{\"@type\":\"EntryPoint\",\"urlTemplate\":\"https:\\\/\\\/kreissteinfurt.rotaract.de\\\/?s={search_term_string}\"},\"query-input\":{\"@type\":\"PropertyValueSpecification\",\"valueRequired\":true,\"valueName\":\"search_term_string\"}}],\"inLanguage\":\"de\"}]}<\/script>\n<!-- \/ Yoast SEO plugin. -->","yoast_head_json":{"title":"Lernen - Rotaract Kreis Steinfurt","robots":{"index":"index","follow":"follow","max-snippet":"max-snippet:-1","max-image-preview":"max-image-preview:large","max-video-preview":"max-video-preview:-1"},"canonical":"https:\/\/kreissteinfurt.rotaract.de\/?page_id=16","og_locale":"de_DE","og_type":"article","og_title":"Lernen - Rotaract Kreis Steinfurt","og_description":"Hier findest du alle Informationen rund um vergangene und Zuk\u00fcnftige Vortr\u00e4ge im RAC Kreis Steinfurt und au\u00dferdem immer wieder Informationen \u00fcber Rotaract selbst Besichtigung der Firmen Sigma Druck und Datamail Vor unserer \u00c4mter\u00fcbergabe konnten wir am 28.06.2024 einen spannenden Einblick in die Welt des Drucks und der Arbeit eines Lettershops erhalten. Distriktkonferenz 1870 Am 22.06.2024 ... Weiterlesen","og_url":"https:\/\/kreissteinfurt.rotaract.de\/?page_id=16","og_site_name":"Rotaract Kreis Steinfurt","article_modified_time":"2024-07-08T12:17:34+00:00","og_image":[{"url":"https:\/\/kreissteinfurt.rotaract.de\/wp-content\/uploads\/sites\/395\/2024\/07\/1000056017_e10b0f0e3145f44fe2f2daa89905362b-1.7.2024-13_51_30-768x1024.jpg","type":"","width":"","height":""}],"twitter_card":"summary_large_image","twitter_misc":{"Gesch\u00e4tzte Lesezeit":"2\u00a0Minuten"},"schema":{"@context":"https:\/\/schema.org","@graph":[{"@type":"WebPage","@id":"https:\/\/kreissteinfurt.rotaract.de\/?page_id=16","url":"https:\/\/kreissteinfurt.rotaract.de\/?page_id=16","name":"Lernen - Rotaract Kreis Steinfurt","isPartOf":{"@id":"https:\/\/kreissteinfurt.rotaract.de\/#website"},"primaryImageOfPage":{"@id":"https:\/\/kreissteinfurt.rotaract.de\/?page_id=16#primaryimage"},"image":{"@id":"https:\/\/kreissteinfurt.rotaract.de\/?page_id=16#primaryimage"},"thumbnailUrl":"https:\/\/kreissteinfurt.rotaract.de\/wp-content\/uploads\/sites\/395\/2024\/07\/1000056017_e10b0f0e3145f44fe2f2daa89905362b-1.7.2024-13_51_30-768x1024.jpg","datePublished":"2023-05-19T10:59:07+00:00","dateModified":"2024-07-08T12:17:34+00:00","breadcrumb":{"@id":"https:\/\/kreissteinfurt.rotaract.de\/?page_id=16#breadcrumb"},"inLanguage":"de","potentialAction":[{"@type":"ReadAction","target":["https:\/\/kreissteinfurt.rotaract.de\/?page_id=16"]}]},{"@type":"ImageObject","inLanguage":"de","@id":"https:\/\/kreissteinfurt.rotaract.de\/?page_id=16#primaryimage","url":"https:\/\/kreissteinfurt.rotaract.de\/wp-content\/uploads\/sites\/395\/2024\/07\/1000056017_e10b0f0e3145f44fe2f2daa89905362b-1.7.2024-13_51_30-768x1024.jpg","contentUrl":"https:\/\/kreissteinfurt.rotaract.de\/wp-content\/uploads\/sites\/395\/2024\/07\/1000056017_e10b0f0e3145f44fe2f2daa89905362b-1.7.2024-13_51_30-768x1024.jpg"},{"@type":"BreadcrumbList","@id":"https:\/\/kreissteinfurt.rotaract.de\/?page_id=16#breadcrumb","itemListElement":[{"@type":"ListItem","position":1,"name":"Startseite","item":"https:\/\/kreissteinfurt.rotaract.de\/"},{"@type":"ListItem","position":2,"name":"Lernen"}]},{"@type":"WebSite","@id":"https:\/\/kreissteinfurt.rotaract.de\/#website","url":"https:\/\/kreissteinfurt.rotaract.de\/","name":"Rotaract Kreis Steinfurt","description":"Distrikt 1870","potentialAction":[{"@type":"SearchAction","target":{"@type":"EntryPoint","urlTemplate":"https:\/\/kreissteinfurt.rotaract.de\/?s={search_term_string}"},"query-input":{"@type":"PropertyValueSpecification","valueRequired":true,"valueName":"search_term_string"}}],"inLanguage":"de"}]}},"_links":{"self":[{"href":"https:\/\/kreissteinfurt.rotaract.de\/index.php?rest_route=\/wp\/v2\/pages\/16","targetHints":{"allow":["GET"]}}],"collection":[{"href":"https:\/\/kreissteinfurt.rotaract.de\/index.php?rest_route=\/wp\/v2\/pages"}],"about":[{"href":"https:\/\/kreissteinfurt.rotaract.de\/index.php?rest_route=\/wp\/v2\/types\/page"}],"author":[{"embeddable":true,"href":"https:\/\/kreissteinfurt.rotaract.de\/index.php?rest_route=\/wp\/v2\/users\/392"}],"replies":[{"embeddable":true,"href":"https:\/\/kreissteinfurt.rotaract.de\/index.php?rest_route=%2Fwp%2Fv2%2Fcomments&post=16"}],"version-history":[{"count":19,"href":"https:\/\/kreissteinfurt.rotaract.de\/index.php?rest_route=\/wp\/v2\/pages\/16\/revisions"}],"predecessor-version":[{"id":284,"href":"https:\/\/kreissteinfurt.rotaract.de\/index.php?rest_route=\/wp\/v2\/pages\/16\/revisions\/284"}],"wp:attachment":[{"href":"https:\/\/kreissteinfurt.rotaract.de\/index.php?rest_route=%2Fwp%2Fv2%2Fmedia&parent=16"}],"curies":[{"name":"wp","href":"https:\/\/api.w.org\/{rel}","templated":true}]}}