{"id":2,"date":"2023-05-19T12:30:01","date_gmt":"2023-05-19T10:30:01","guid":{"rendered":"http:\/\/kreissteinfurt.hosting.rotaract.de\/?page_id=2"},"modified":"2024-07-30T06:43:39","modified_gmt":"2024-07-30T04:43:39","slug":"beispiel-seite","status":"publish","type":"page","link":"https:\/\/kreissteinfurt.rotaract.de\/","title":{"rendered":"Herzlich Willkommen!"},"content":{"rendered":"\n<h2 class=\"wp-block-heading has-text-align-center\">Lernen &#8211; Helfen &#8211; Feiern <\/h2>\n\n\n\n<p class=\"has-text-align-center\">\ud83d\udccdRheine \/\/ Emsdetten \/\/ Steinfurt<\/p>\n\n\n\n<p class=\"has-text-align-center\">\ud83d\udcf8 rac.kreis.steinfurt<\/p>\n\n\n\n<p class=\"has-text-align-center\">\ud83d\uddd3 N\u00e4chstes Pr\u00e4senztreffen am <mark style=\"background-color:rgba(0, 0, 0, 0)\" class=\"has-inline-color has-rotaract-color\">05.08.2024<\/mark> &#8211; Rotaract &amp; Friends: Offenes Meeting f\u00fcr alle Interessierten!<\/p>\n\n\n\n<ul class=\"wp-block-social-links aligncenter is-layout-flex wp-block-social-links-is-layout-flex\"><li class=\"wp-social-link wp-social-link-instagram  wp-block-social-link\"><a href=\"https:\/\/www.instagram.com\/rac.kreis.steinfurt\/?hl=de\" class=\"wp-block-social-link-anchor\"><svg width=\"24\" height=\"24\" viewBox=\"0 0 24 24\" version=\"1.1\" xmlns=\"http:\/\/www.w3.org\/2000\/svg\" aria-hidden=\"true\" focusable=\"false\"><path d=\"M12,4.622c2.403,0,2.688,0.009,3.637,0.052c0.877,0.04,1.354,0.187,1.671,0.31c0.42,0.163,0.72,0.358,1.035,0.673 c0.315,0.315,0.51,0.615,0.673,1.035c0.123,0.317,0.27,0.794,0.31,1.671c0.043,0.949,0.052,1.234,0.052,3.637 s-0.009,2.688-0.052,3.637c-0.04,0.877-0.187,1.354-0.31,1.671c-0.163,0.42-0.358,0.72-0.673,1.035 c-0.315,0.315-0.615,0.51-1.035,0.673c-0.317,0.123-0.794,0.27-1.671,0.31c-0.949,0.043-1.233,0.052-3.637,0.052 s-2.688-0.009-3.637-0.052c-0.877-0.04-1.354-0.187-1.671-0.31c-0.42-0.163-0.72-0.358-1.035-0.673 c-0.315-0.315-0.51-0.615-0.673-1.035c-0.123-0.317-0.27-0.794-0.31-1.671C4.631,14.688,4.622,14.403,4.622,12 s0.009-2.688,0.052-3.637c0.04-0.877,0.187-1.354,0.31-1.671c0.163-0.42,0.358-0.72,0.673-1.035 c0.315-0.315,0.615-0.51,1.035-0.673c0.317-0.123,0.794-0.27,1.671-0.31C9.312,4.631,9.597,4.622,12,4.622 M12,3 C9.556,3,9.249,3.01,8.289,3.054C7.331,3.098,6.677,3.25,6.105,3.472C5.513,3.702,5.011,4.01,4.511,4.511 c-0.5,0.5-0.808,1.002-1.038,1.594C3.25,6.677,3.098,7.331,3.054,8.289C3.01,9.249,3,9.556,3,12c0,2.444,0.01,2.751,0.054,3.711 c0.044,0.958,0.196,1.612,0.418,2.185c0.23,0.592,0.538,1.094,1.038,1.594c0.5,0.5,1.002,0.808,1.594,1.038 c0.572,0.222,1.227,0.375,2.185,0.418C9.249,20.99,9.556,21,12,21s2.751-0.01,3.711-0.054c0.958-0.044,1.612-0.196,2.185-0.418 c0.592-0.23,1.094-0.538,1.594-1.038c0.5-0.5,0.808-1.002,1.038-1.594c0.222-0.572,0.375-1.227,0.418-2.185 C20.99,14.751,21,14.444,21,12s-0.01-2.751-0.054-3.711c-0.044-0.958-0.196-1.612-0.418-2.185c-0.23-0.592-0.538-1.094-1.038-1.594 c-0.5-0.5-1.002-0.808-1.594-1.038c-0.572-0.222-1.227-0.375-2.185-0.418C14.751,3.01,14.444,3,12,3L12,3z M12,7.378 c-2.552,0-4.622,2.069-4.622,4.622S9.448,16.622,12,16.622s4.622-2.069,4.622-4.622S14.552,7.378,12,7.378z M12,15 c-1.657,0-3-1.343-3-3s1.343-3,3-3s3,1.343,3,3S13.657,15,12,15z M16.804,6.116c-0.596,0-1.08,0.484-1.08,1.08 s0.484,1.08,1.08,1.08c0.596,0,1.08-0.484,1.08-1.08S17.401,6.116,16.804,6.116z\"><\/path><\/svg><span class=\"wp-block-social-link-label screen-reader-text\">Instagram<\/span><\/a><\/li><\/ul>\n\n\n<div class=\"wp-block-image\">\n<figure class=\"aligncenter size-large is-resized\"><img decoding=\"async\" width=\"1024\" height=\"1024\" src=\"https:\/\/kreissteinfurt.rotaract.de\/wp-content\/uploads\/sites\/395\/2024\/07\/Rotaract-Beitraege-1024x1024.png\" alt=\"\" class=\"wp-image-290\" style=\"width:290px;height:auto\" srcset=\"https:\/\/kreissteinfurt.rotaract.de\/wp-content\/uploads\/sites\/395\/2024\/07\/Rotaract-Beitraege-1024x1024.png 1024w, https:\/\/kreissteinfurt.rotaract.de\/wp-content\/uploads\/sites\/395\/2024\/07\/Rotaract-Beitraege-300x300.png 300w, https:\/\/kreissteinfurt.rotaract.de\/wp-content\/uploads\/sites\/395\/2024\/07\/Rotaract-Beitraege-150x150.png 150w, https:\/\/kreissteinfurt.rotaract.de\/wp-content\/uploads\/sites\/395\/2024\/07\/Rotaract-Beitraege-768x768.png 768w, https:\/\/kreissteinfurt.rotaract.de\/wp-content\/uploads\/sites\/395\/2024\/07\/Rotaract-Beitraege.png 1080w\" sizes=\"(max-width: 1024px) 100vw, 1024px\" \/><\/figure>\n<\/div>\n\n\n<div class=\"wp-block-media-text alignwide has-media-on-the-right is-stacked-on-mobile is-image-fill\"><div class=\"wp-block-media-text__content\">\n<h2 class=\"wp-block-heading\"><strong>Unsere n\u00e4chsten Termine<\/strong>:<\/h2>\n\n\n\n<p><mark style=\"background-color:rgba(0, 0, 0, 0)\" class=\"has-inline-color has-rotaract-color\">05.08.2024 &#8211;<\/mark> <mark style=\"background-color:rgba(0, 0, 0, 0)\" class=\"has-inline-color has-rotaract-color\">Rotaract &amp; Friends: Offenes Meeting f\u00fcr alle Interessierten. Sei dabei!<\/mark><\/p>\n\n\n\n<p>19.08.2024 &#8211; Planungsmeeting<\/p>\n\n\n\n<p>14.09.2024 GR\u00dcNDUNGSCHARTER<\/p>\n\n\n\n<p>21.09.2024 Machertag Emsdetten<\/p>\n<\/div><figure class=\"wp-block-media-text__media\" style=\"background-image:url(https:\/\/kreissteinfurt.rotaract.de\/wp-content\/uploads\/sites\/395\/2023\/06\/5-576x1024.png);background-position:50% 50%\"><img decoding=\"async\" width=\"576\" height=\"1024\" src=\"https:\/\/kreissteinfurt.rotaract.de\/wp-content\/uploads\/sites\/395\/2023\/06\/5-576x1024.png\" alt=\"\" class=\"wp-image-97 size-full\" srcset=\"https:\/\/kreissteinfurt.rotaract.de\/wp-content\/uploads\/sites\/395\/2023\/06\/5-576x1024.png 576w, https:\/\/kreissteinfurt.rotaract.de\/wp-content\/uploads\/sites\/395\/2023\/06\/5-169x300.png 169w, https:\/\/kreissteinfurt.rotaract.de\/wp-content\/uploads\/sites\/395\/2023\/06\/5-768x1365.png 768w, https:\/\/kreissteinfurt.rotaract.de\/wp-content\/uploads\/sites\/395\/2023\/06\/5-864x1536.png 864w, https:\/\/kreissteinfurt.rotaract.de\/wp-content\/uploads\/sites\/395\/2023\/06\/5.png 1080w\" sizes=\"(max-width: 576px) 100vw, 576px\" \/><\/figure><\/div>\n\n\n\n<div class=\"wp-block-media-text alignwide is-stacked-on-mobile\"><figure class=\"wp-block-media-text__media\"><img decoding=\"async\" width=\"600\" height=\"200\" src=\"http:\/\/kreissteinfurt.rotaract.de\/wp-content\/uploads\/sites\/395\/2024\/07\/Design-ohne-Titel.png\" alt=\"\" class=\"wp-image-301 size-full\" srcset=\"https:\/\/kreissteinfurt.rotaract.de\/wp-content\/uploads\/sites\/395\/2024\/07\/Design-ohne-Titel.png 600w, https:\/\/kreissteinfurt.rotaract.de\/wp-content\/uploads\/sites\/395\/2024\/07\/Design-ohne-Titel-300x100.png 300w\" sizes=\"(max-width: 600px) 100vw, 600px\" \/><\/figure><div class=\"wp-block-media-text__content\">\n<h2 class=\"wp-block-heading has-text-align-center\"><strong>Was ist Rotaract?<\/strong><\/h2>\n\n\n\n<p class=\"has-text-align-left\">Mit Begeisterung und Spa\u00df die Welt verbessern, mit Kleinem Gro\u00dfes erreichen, sich selbst verwirklichen und stolz drauf sein. Sei Teil einer der gr\u00f6\u00dften Jugendorganisationen weltweit, zeige pers\u00f6nlichen Einsatz und vernetze Dich mit 290.000 Rotaract-Mitgliedern in 178 L\u00e4ndern weltweit. Rotaract \u2013 die sch\u00f6nste Art der Horizonterweiterung und ein Erlebnis, das Du nicht mehr vergisst.<\/p>\n\n\n\n<p class=\"has-text-align-left\"><mark style=\"background-color:rgba(0, 0, 0, 0)\" class=\"has-inline-color has-rotaract-color\">Rotaract<\/mark> ist eine weltweite Gemeinschaft junger Erwachsener ab 18 Jahren, die sich aktiv f\u00fcr soziale Projekte und internationale Verst\u00e4ndigung einsetzen. Die Mitglieder arbeiten ehrenamtlich an Projekten, die positive Ver\u00e4nderungen auf lokaler und globaler Ebene bewirken. Dabei entwickeln sie F\u00fchrungsqualit\u00e4ten, kn\u00fcpfen wertvolle Freundschaften und Netzwerke und setzen sich f\u00fcr die Bed\u00fcrfnisse der Gemeinschaft ein.<\/p>\n\n\n\n<p>Unser Clubleben steht auf den drei S\u00e4ulen <mark style=\"background-color:rgba(0, 0, 0, 0)\" class=\"has-inline-color has-rotaract-color\">Lernen &#8211; Helfen &#8211; Feiern<\/mark>. Bei spannenden Vortr\u00e4gen und Firmenbesichtigungen erweitern wir unser Wissen, mit Sozialaktionen unterst\u00fctzen wir verschiedenste Projekte und zwischendurch feiern wir gemeinsam Clubgeburtstage auf Charterfeiern.<\/p>\n<\/div><\/div>\n\n\n\n<h2 class=\"wp-block-heading has-text-align-center\">Neugierig geworden?<\/h2>\n\n\n\n<p class=\"has-text-align-center\">Komm vorbei und schnupper mal rein! Meld dich gerne bei uns \u00fcber <mark style=\"background-color:rgba(0, 0, 0, 0)\" class=\"has-inline-color has-rotaract-color\">kreis-steinfurt@rotaract.de<\/mark> oder \u00fcber Instagram<mark style=\"background-color:rgba(0, 0, 0, 0)\" class=\"has-inline-color has-rotaract-color\"> @rac.kreis.steinfurt<\/mark>.<\/p>\n\n\n\n<h2 class=\"wp-block-heading has-text-align-center\">Und das sind wir:<\/h2>\n\n\n<div class=\"gb-container gb-container-91466aef\">\n<div class=\"wp-block-image\">\n<figure class=\"aligncenter size-full is-resized\"><img decoding=\"async\" width=\"720\" height=\"540\" src=\"https:\/\/kreissteinfurt.rotaract.de\/wp-content\/uploads\/sites\/395\/2024\/06\/Bild1-edited-1.jpg\" alt=\"\" class=\"wp-image-137\" style=\"aspect-ratio:1.5348189415041782;width:523px;height:auto\" srcset=\"https:\/\/kreissteinfurt.rotaract.de\/wp-content\/uploads\/sites\/395\/2024\/06\/Bild1-edited-1.jpg 720w, https:\/\/kreissteinfurt.rotaract.de\/wp-content\/uploads\/sites\/395\/2024\/06\/Bild1-edited-1-300x225.jpg 300w\" sizes=\"(max-width: 720px) 100vw, 720px\" \/><\/figure>\n<\/div>\n<\/div>\n\n\n<p class=\"has-text-align-center\">Ann-Sophie, Helena, Anna-Augustina, Maren und Alex.<\/p>\n\n\n\n<p class=\"has-text-align-center\"><strong>Wir freuen uns auf Dich!<\/strong><\/p>\n","protected":false},"excerpt":{"rendered":"<p>Lernen &#8211; Helfen &#8211; Feiern \ud83d\udccdRheine \/\/ Emsdetten \/\/ Steinfurt \ud83d\udcf8 rac.kreis.steinfurt \ud83d\uddd3 N\u00e4chstes Pr\u00e4senztreffen am 05.08.2024 &#8211; Rotaract &amp; Friends: Offenes Meeting f\u00fcr alle Interessierten! Unsere n\u00e4chsten Termine: 05.08.2024 &#8211; Rotaract &amp; Friends: Offenes Meeting f\u00fcr alle Interessierten. Sei dabei! 19.08.2024 &#8211; Planungsmeeting 14.09.2024 GR\u00dcNDUNGSCHARTER 21.09.2024 Machertag Emsdetten Was ist Rotaract? Mit Begeisterung und &#8230; <a title=\"Herzlich Willkommen!\" class=\"read-more\" href=\"https:\/\/kreissteinfurt.rotaract.de\/\" aria-label=\"Mehr Informationen \u00fcber Herzlich Willkommen!\">Weiterlesen<\/a><\/p>\n","protected":false},"author":392,"featured_media":0,"parent":0,"menu_order":0,"comment_status":"closed","ping_status":"closed","template":"","meta":{"footnotes":""},"class_list":["post-2","page","type-page","status-publish"],"yoast_head":"<!-- This site is optimized with the Yoast SEO plugin v27.6 - https:\/\/yoast.com\/product\/yoast-seo-wordpress\/ -->\n<title>Herzlich Willkommen! - Rotaract Kreis Steinfurt<\/title>\n<meta name=\"robots\" content=\"index, follow, max-snippet:-1, max-image-preview:large, max-video-preview:-1\" \/>\n<link rel=\"canonical\" href=\"https:\/\/kreissteinfurt.rotaract.de\/\" \/>\n<meta property=\"og:locale\" content=\"de_DE\" \/>\n<meta property=\"og:type\" content=\"article\" \/>\n<meta property=\"og:title\" content=\"Herzlich Willkommen! - Rotaract Kreis Steinfurt\" \/>\n<meta property=\"og:description\" content=\"Lernen &#8211; Helfen &#8211; Feiern \ud83d\udccdRheine \/\/ Emsdetten \/\/ Steinfurt \ud83d\udcf8 rac.kreis.steinfurt \ud83d\uddd3 N\u00e4chstes Pr\u00e4senztreffen am 05.08.2024 &#8211; Rotaract &amp; Friends: Offenes Meeting f\u00fcr alle Interessierten! Unsere n\u00e4chsten Termine: 05.08.2024 &#8211; Rotaract &amp; Friends: Offenes Meeting f\u00fcr alle Interessierten. Sei dabei! 19.08.2024 &#8211; Planungsmeeting 14.09.2024 GR\u00dcNDUNGSCHARTER 21.09.2024 Machertag Emsdetten Was ist Rotaract? Mit Begeisterung und ... Weiterlesen\" \/>\n<meta property=\"og:url\" content=\"https:\/\/kreissteinfurt.rotaract.de\/\" \/>\n<meta property=\"og:site_name\" content=\"Rotaract Kreis Steinfurt\" \/>\n<meta property=\"article:modified_time\" content=\"2024-07-30T04:43:39+00:00\" \/>\n<meta property=\"og:image\" content=\"https:\/\/kreissteinfurt.rotaract.de\/wp-content\/uploads\/sites\/395\/2024\/07\/Rotaract-Beitraege-1024x1024.png\" \/>\n<meta name=\"twitter:card\" content=\"summary_large_image\" \/>\n<meta name=\"twitter:label1\" content=\"Gesch\u00e4tzte Lesezeit\" \/>\n\t<meta name=\"twitter:data1\" content=\"1\u00a0Minute\" \/>\n<script type=\"application\/ld+json\" class=\"yoast-schema-graph\">{\"@context\":\"https:\\\/\\\/schema.org\",\"@graph\":[{\"@type\":\"WebPage\",\"@id\":\"https:\\\/\\\/kreissteinfurt.rotaract.de\\\/\",\"url\":\"https:\\\/\\\/kreissteinfurt.rotaract.de\\\/\",\"name\":\"Herzlich Willkommen! - Rotaract Kreis Steinfurt\",\"isPartOf\":{\"@id\":\"https:\\\/\\\/kreissteinfurt.rotaract.de\\\/#website\"},\"primaryImageOfPage\":{\"@id\":\"https:\\\/\\\/kreissteinfurt.rotaract.de\\\/#primaryimage\"},\"image\":{\"@id\":\"https:\\\/\\\/kreissteinfurt.rotaract.de\\\/#primaryimage\"},\"thumbnailUrl\":\"https:\\\/\\\/kreissteinfurt.rotaract.de\\\/wp-content\\\/uploads\\\/sites\\\/395\\\/2024\\\/07\\\/Rotaract-Beitraege-1024x1024.png\",\"datePublished\":\"2023-05-19T10:30:01+00:00\",\"dateModified\":\"2024-07-30T04:43:39+00:00\",\"breadcrumb\":{\"@id\":\"https:\\\/\\\/kreissteinfurt.rotaract.de\\\/#breadcrumb\"},\"inLanguage\":\"de\",\"potentialAction\":[{\"@type\":\"ReadAction\",\"target\":[\"https:\\\/\\\/kreissteinfurt.rotaract.de\\\/\"]}]},{\"@type\":\"ImageObject\",\"inLanguage\":\"de\",\"@id\":\"https:\\\/\\\/kreissteinfurt.rotaract.de\\\/#primaryimage\",\"url\":\"https:\\\/\\\/kreissteinfurt.rotaract.de\\\/wp-content\\\/uploads\\\/sites\\\/395\\\/2024\\\/07\\\/Rotaract-Beitraege-1024x1024.png\",\"contentUrl\":\"https:\\\/\\\/kreissteinfurt.rotaract.de\\\/wp-content\\\/uploads\\\/sites\\\/395\\\/2024\\\/07\\\/Rotaract-Beitraege-1024x1024.png\"},{\"@type\":\"BreadcrumbList\",\"@id\":\"https:\\\/\\\/kreissteinfurt.rotaract.de\\\/#breadcrumb\",\"itemListElement\":[{\"@type\":\"ListItem\",\"position\":1,\"name\":\"Startseite\",\"item\":\"https:\\\/\\\/kreissteinfurt.rotaract.de\\\/\"},{\"@type\":\"ListItem\",\"position\":2,\"name\":\"Herzlich Willkommen!\"}]},{\"@type\":\"WebSite\",\"@id\":\"https:\\\/\\\/kreissteinfurt.rotaract.de\\\/#website\",\"url\":\"https:\\\/\\\/kreissteinfurt.rotaract.de\\\/\",\"name\":\"Rotaract Kreis Steinfurt\",\"description\":\"Distrikt 1870\",\"potentialAction\":[{\"@type\":\"SearchAction\",\"target\":{\"@type\":\"EntryPoint\",\"urlTemplate\":\"https:\\\/\\\/kreissteinfurt.rotaract.de\\\/?s={search_term_string}\"},\"query-input\":{\"@type\":\"PropertyValueSpecification\",\"valueRequired\":true,\"valueName\":\"search_term_string\"}}],\"inLanguage\":\"de\"}]}<\/script>\n<!-- \/ Yoast SEO plugin. -->","yoast_head_json":{"title":"Herzlich Willkommen! - Rotaract Kreis Steinfurt","robots":{"index":"index","follow":"follow","max-snippet":"max-snippet:-1","max-image-preview":"max-image-preview:large","max-video-preview":"max-video-preview:-1"},"canonical":"https:\/\/kreissteinfurt.rotaract.de\/","og_locale":"de_DE","og_type":"article","og_title":"Herzlich Willkommen! - Rotaract Kreis Steinfurt","og_description":"Lernen &#8211; Helfen &#8211; Feiern \ud83d\udccdRheine \/\/ Emsdetten \/\/ Steinfurt \ud83d\udcf8 rac.kreis.steinfurt \ud83d\uddd3 N\u00e4chstes Pr\u00e4senztreffen am 05.08.2024 &#8211; Rotaract &amp; Friends: Offenes Meeting f\u00fcr alle Interessierten! Unsere n\u00e4chsten Termine: 05.08.2024 &#8211; Rotaract &amp; Friends: Offenes Meeting f\u00fcr alle Interessierten. Sei dabei! 19.08.2024 &#8211; Planungsmeeting 14.09.2024 GR\u00dcNDUNGSCHARTER 21.09.2024 Machertag Emsdetten Was ist Rotaract? Mit Begeisterung und ... Weiterlesen","og_url":"https:\/\/kreissteinfurt.rotaract.de\/","og_site_name":"Rotaract Kreis Steinfurt","article_modified_time":"2024-07-30T04:43:39+00:00","og_image":[{"url":"https:\/\/kreissteinfurt.rotaract.de\/wp-content\/uploads\/sites\/395\/2024\/07\/Rotaract-Beitraege-1024x1024.png","type":"","width":"","height":""}],"twitter_card":"summary_large_image","twitter_misc":{"Gesch\u00e4tzte Lesezeit":"1\u00a0Minute"},"schema":{"@context":"https:\/\/schema.org","@graph":[{"@type":"WebPage","@id":"https:\/\/kreissteinfurt.rotaract.de\/","url":"https:\/\/kreissteinfurt.rotaract.de\/","name":"Herzlich Willkommen! - Rotaract Kreis Steinfurt","isPartOf":{"@id":"https:\/\/kreissteinfurt.rotaract.de\/#website"},"primaryImageOfPage":{"@id":"https:\/\/kreissteinfurt.rotaract.de\/#primaryimage"},"image":{"@id":"https:\/\/kreissteinfurt.rotaract.de\/#primaryimage"},"thumbnailUrl":"https:\/\/kreissteinfurt.rotaract.de\/wp-content\/uploads\/sites\/395\/2024\/07\/Rotaract-Beitraege-1024x1024.png","datePublished":"2023-05-19T10:30:01+00:00","dateModified":"2024-07-30T04:43:39+00:00","breadcrumb":{"@id":"https:\/\/kreissteinfurt.rotaract.de\/#breadcrumb"},"inLanguage":"de","potentialAction":[{"@type":"ReadAction","target":["https:\/\/kreissteinfurt.rotaract.de\/"]}]},{"@type":"ImageObject","inLanguage":"de","@id":"https:\/\/kreissteinfurt.rotaract.de\/#primaryimage","url":"https:\/\/kreissteinfurt.rotaract.de\/wp-content\/uploads\/sites\/395\/2024\/07\/Rotaract-Beitraege-1024x1024.png","contentUrl":"https:\/\/kreissteinfurt.rotaract.de\/wp-content\/uploads\/sites\/395\/2024\/07\/Rotaract-Beitraege-1024x1024.png"},{"@type":"BreadcrumbList","@id":"https:\/\/kreissteinfurt.rotaract.de\/#breadcrumb","itemListElement":[{"@type":"ListItem","position":1,"name":"Startseite","item":"https:\/\/kreissteinfurt.rotaract.de\/"},{"@type":"ListItem","position":2,"name":"Herzlich Willkommen!"}]},{"@type":"WebSite","@id":"https:\/\/kreissteinfurt.rotaract.de\/#website","url":"https:\/\/kreissteinfurt.rotaract.de\/","name":"Rotaract Kreis Steinfurt","description":"Distrikt 1870","potentialAction":[{"@type":"SearchAction","target":{"@type":"EntryPoint","urlTemplate":"https:\/\/kreissteinfurt.rotaract.de\/?s={search_term_string}"},"query-input":{"@type":"PropertyValueSpecification","valueRequired":true,"valueName":"search_term_string"}}],"inLanguage":"de"}]}},"_links":{"self":[{"href":"https:\/\/kreissteinfurt.rotaract.de\/index.php?rest_route=\/wp\/v2\/pages\/2","targetHints":{"allow":["GET"]}}],"collection":[{"href":"https:\/\/kreissteinfurt.rotaract.de\/index.php?rest_route=\/wp\/v2\/pages"}],"about":[{"href":"https:\/\/kreissteinfurt.rotaract.de\/index.php?rest_route=\/wp\/v2\/types\/page"}],"author":[{"embeddable":true,"href":"https:\/\/kreissteinfurt.rotaract.de\/index.php?rest_route=\/wp\/v2\/users\/392"}],"replies":[{"embeddable":true,"href":"https:\/\/kreissteinfurt.rotaract.de\/index.php?rest_route=%2Fwp%2Fv2%2Fcomments&post=2"}],"version-history":[{"count":38,"href":"https:\/\/kreissteinfurt.rotaract.de\/index.php?rest_route=\/wp\/v2\/pages\/2\/revisions"}],"predecessor-version":[{"id":372,"href":"https:\/\/kreissteinfurt.rotaract.de\/index.php?rest_route=\/wp\/v2\/pages\/2\/revisions\/372"}],"wp:attachment":[{"href":"https:\/\/kreissteinfurt.rotaract.de\/index.php?rest_route=%2Fwp%2Fv2%2Fmedia&parent=2"}],"curies":[{"name":"wp","href":"https:\/\/api.w.org\/{rel}","templated":true}]}}