{"id":20,"date":"2023-05-19T13:00:07","date_gmt":"2023-05-19T11:00:07","guid":{"rendered":"https:\/\/kreissteinfurt.rotaract.de\/?page_id=20"},"modified":"2024-07-08T14:15:18","modified_gmt":"2024-07-08T12:15:18","slug":"feiern-veranstaltungen","status":"publish","type":"page","link":"https:\/\/kreissteinfurt.rotaract.de\/?page_id=20","title":{"rendered":"Feiern"},"content":{"rendered":"\n<div class=\"wp-block-media-text has-media-on-the-right is-stacked-on-mobile\"><div class=\"wp-block-media-text__content\">\n<p><strong>5 Jahre Rotaract Hildesheim-Innerste<\/strong><\/p>\n\n\n\n<p>Am 06.07.2024 durften wir dabei sein, als der RAC Hildesheim-Innerste bei einem gem\u00fctlichen Grillabend sein 5-j\u00e4hriges Bestehen gefeier hat. Auf die n\u00e4chsten 5 Jahre und viele weitere!<\/p>\n<\/div><figure class=\"wp-block-media-text__media\"><img decoding=\"async\" width=\"1024\" height=\"768\" src=\"https:\/\/kreissteinfurt.rotaract.de\/wp-content\/uploads\/sites\/395\/2024\/07\/1000057121_4ad60157b3ac818f36a4193d8572edb8-8.7.2024-12_50_08-1024x768.jpg\" alt=\"\" class=\"wp-image-279 size-full\" srcset=\"https:\/\/kreissteinfurt.rotaract.de\/wp-content\/uploads\/sites\/395\/2024\/07\/1000057121_4ad60157b3ac818f36a4193d8572edb8-8.7.2024-12_50_08-1024x768.jpg 1024w, https:\/\/kreissteinfurt.rotaract.de\/wp-content\/uploads\/sites\/395\/2024\/07\/1000057121_4ad60157b3ac818f36a4193d8572edb8-8.7.2024-12_50_08-300x225.jpg 300w, https:\/\/kreissteinfurt.rotaract.de\/wp-content\/uploads\/sites\/395\/2024\/07\/1000057121_4ad60157b3ac818f36a4193d8572edb8-8.7.2024-12_50_08-768x576.jpg 768w, https:\/\/kreissteinfurt.rotaract.de\/wp-content\/uploads\/sites\/395\/2024\/07\/1000057121_4ad60157b3ac818f36a4193d8572edb8-8.7.2024-12_50_08-1536x1152.jpg 1536w, https:\/\/kreissteinfurt.rotaract.de\/wp-content\/uploads\/sites\/395\/2024\/07\/1000057121_4ad60157b3ac818f36a4193d8572edb8-8.7.2024-12_50_08.jpg 2000w\" sizes=\"(max-width: 1024px) 100vw, 1024px\" \/><\/figure><\/div>\n\n\n\n<div class=\"wp-block-media-text is-stacked-on-mobile\"><figure class=\"wp-block-media-text__media\"><img decoding=\"async\" width=\"1024\" height=\"768\" src=\"https:\/\/kreissteinfurt.rotaract.de\/wp-content\/uploads\/sites\/395\/2024\/07\/1000056029_c8cdd7cd0a98cc0813b634683a86b07e-1.7.2024-13_53_19-1024x768.jpg\" alt=\"\" class=\"wp-image-274 size-full\" srcset=\"https:\/\/kreissteinfurt.rotaract.de\/wp-content\/uploads\/sites\/395\/2024\/07\/1000056029_c8cdd7cd0a98cc0813b634683a86b07e-1.7.2024-13_53_19-1024x768.jpg 1024w, https:\/\/kreissteinfurt.rotaract.de\/wp-content\/uploads\/sites\/395\/2024\/07\/1000056029_c8cdd7cd0a98cc0813b634683a86b07e-1.7.2024-13_53_19-300x225.jpg 300w, https:\/\/kreissteinfurt.rotaract.de\/wp-content\/uploads\/sites\/395\/2024\/07\/1000056029_c8cdd7cd0a98cc0813b634683a86b07e-1.7.2024-13_53_19-768x576.jpg 768w, https:\/\/kreissteinfurt.rotaract.de\/wp-content\/uploads\/sites\/395\/2024\/07\/1000056029_c8cdd7cd0a98cc0813b634683a86b07e-1.7.2024-13_53_19-1536x1152.jpg 1536w, https:\/\/kreissteinfurt.rotaract.de\/wp-content\/uploads\/sites\/395\/2024\/07\/1000056029_c8cdd7cd0a98cc0813b634683a86b07e-1.7.2024-13_53_19.jpg 2000w\" sizes=\"(max-width: 1024px) 100vw, 1024px\" \/><\/figure><div class=\"wp-block-media-text__content\">\n<p><strong>\u00c4mter\u00fcbergabe<\/strong><\/p>\n\n\n\n<p>An diesem Freitag werden wir die \u00c4mter\u00fcbergabe unserer Pr\u00e4sidentin an ihre Nachfolgerin feiern.<\/p>\n<\/div><\/div>\n\n\n\n<div class=\"wp-block-media-text has-media-on-the-right is-stacked-on-mobile\"><div class=\"wp-block-media-text__content\">\n<p class=\"has-text-align-center\"><strong>65-Jahr Feier Rotary Rheine<\/strong><\/p>\n\n\n\n<p class=\"has-text-align-center\">Am 27.04.2024 durften wir das 65. Jubil\u00e4um der Rotary Rheine begleiten. <\/p>\n\n\n<div class=\"gb-container gb-container-2f22f66e\">\n\n<p class=\"has-text-align-center\">Unseren herzlichen Gl\u00fcckwunsch zu diesem langen Bestehen!<\/p>\n\n<\/div>\n\n\n<p class=\"has-text-align-center\">Besonders spannend: Die Silent Auction bei der wir eine Rotaract Feuerschale ersteigern konnten<\/p>\n<\/div><figure class=\"wp-block-media-text__media\"><img decoding=\"async\" width=\"768\" height=\"1024\" src=\"http:\/\/kreissteinfurt.rotaract.de\/wp-content\/uploads\/sites\/395\/2024\/06\/WhatsApp-Bild-2024-06-25-um-21.55.15_f3f31c2f-768x1024.jpg\" alt=\"\" class=\"wp-image-213 size-full\" srcset=\"https:\/\/kreissteinfurt.rotaract.de\/wp-content\/uploads\/sites\/395\/2024\/06\/WhatsApp-Bild-2024-06-25-um-21.55.15_f3f31c2f-768x1024.jpg 768w, https:\/\/kreissteinfurt.rotaract.de\/wp-content\/uploads\/sites\/395\/2024\/06\/WhatsApp-Bild-2024-06-25-um-21.55.15_f3f31c2f-225x300.jpg 225w, https:\/\/kreissteinfurt.rotaract.de\/wp-content\/uploads\/sites\/395\/2024\/06\/WhatsApp-Bild-2024-06-25-um-21.55.15_f3f31c2f-1152x1536.jpg 1152w, https:\/\/kreissteinfurt.rotaract.de\/wp-content\/uploads\/sites\/395\/2024\/06\/WhatsApp-Bild-2024-06-25-um-21.55.15_f3f31c2f.jpg 1512w\" sizes=\"(max-width: 768px) 100vw, 768px\" \/><\/figure><\/div>\n\n\n\n<div class=\"wp-block-media-text is-stacked-on-mobile\"><figure class=\"wp-block-media-text__media\"><img decoding=\"async\" width=\"768\" height=\"1024\" src=\"http:\/\/kreissteinfurt.rotaract.de\/wp-content\/uploads\/sites\/395\/2024\/06\/WhatsApp-Bild-2024-06-25-um-21.54.16_1f43320e-768x1024.jpg\" alt=\"\" class=\"wp-image-215 size-full\" srcset=\"https:\/\/kreissteinfurt.rotaract.de\/wp-content\/uploads\/sites\/395\/2024\/06\/WhatsApp-Bild-2024-06-25-um-21.54.16_1f43320e-768x1024.jpg 768w, https:\/\/kreissteinfurt.rotaract.de\/wp-content\/uploads\/sites\/395\/2024\/06\/WhatsApp-Bild-2024-06-25-um-21.54.16_1f43320e-225x300.jpg 225w, https:\/\/kreissteinfurt.rotaract.de\/wp-content\/uploads\/sites\/395\/2024\/06\/WhatsApp-Bild-2024-06-25-um-21.54.16_1f43320e-1152x1536.jpg 1152w, https:\/\/kreissteinfurt.rotaract.de\/wp-content\/uploads\/sites\/395\/2024\/06\/WhatsApp-Bild-2024-06-25-um-21.54.16_1f43320e.jpg 1500w\" sizes=\"(max-width: 768px) 100vw, 768px\" \/><\/figure><div class=\"wp-block-media-text__content\">\n<p class=\"has-text-align-center\"><strong><strong>Das verflixte 7. Jahr &#8211; Charterfeier RAC Velbert<\/strong><\/strong><\/p>\n\n\n\n<p class=\"has-text-align-center\">Wir durften dabei sein als der RAC Velbert am 13.04.2024 sein 7-J\u00e4hriges Bestehen feiern durfte!<\/p>\n\n\n\n<p class=\"has-text-align-center\">Ein rundum gelungenes Wochenende in Ratingen!<\/p>\n<\/div><\/div>\n\n\n\n<div class=\"wp-block-media-text has-media-on-the-right is-stacked-on-mobile\"><div class=\"wp-block-media-text__content\">\n<p class=\"has-text-align-center\"><strong>Deutschlandkonferenz 2024 in Hamburg<\/strong><\/p>\n\n\n\n<p>Vom 22.03.-24.03. fand die Deutschlandkonferenz des rotarischen Jahres 23\/24 in Hamburg statt. Drei spannende Tage voller Eindr\u00fccke, neuer Freundschaften und einem regen Austausch. Auch das Feiern kam mit der Welcome-Party am Freitag und dem Galaabend am Samstag nicht zu kurz.<\/p>\n\n\n\n<p>Vielen Dank an den Rotaract Hamburg Port f\u00fcr das Ausrichten der Deutschlandkonferenz.<\/p>\n<\/div><figure class=\"wp-block-media-text__media\"><img decoding=\"async\" width=\"768\" height=\"1024\" src=\"http:\/\/kreissteinfurt.rotaract.de\/wp-content\/uploads\/sites\/395\/2024\/06\/WhatsApp-Bild-2024-06-25-um-22.20.04_8845e070-768x1024.jpg\" alt=\"\" class=\"wp-image-194 size-full\" srcset=\"https:\/\/kreissteinfurt.rotaract.de\/wp-content\/uploads\/sites\/395\/2024\/06\/WhatsApp-Bild-2024-06-25-um-22.20.04_8845e070-768x1024.jpg 768w, https:\/\/kreissteinfurt.rotaract.de\/wp-content\/uploads\/sites\/395\/2024\/06\/WhatsApp-Bild-2024-06-25-um-22.20.04_8845e070-225x300.jpg 225w, https:\/\/kreissteinfurt.rotaract.de\/wp-content\/uploads\/sites\/395\/2024\/06\/WhatsApp-Bild-2024-06-25-um-22.20.04_8845e070-1152x1536.jpg 1152w, https:\/\/kreissteinfurt.rotaract.de\/wp-content\/uploads\/sites\/395\/2024\/06\/WhatsApp-Bild-2024-06-25-um-22.20.04_8845e070.jpg 1512w\" sizes=\"(max-width: 768px) 100vw, 768px\" \/><\/figure><\/div>\n\n\n\n<div class=\"wp-block-media-text has-media-on-the-right is-stacked-on-mobile\"><div class=\"wp-block-media-text__content\">\n<p><strong>Radtour mit dem RC Emsdetten und dem RC Steinfurt<\/strong><\/p>\n\n\n\n<p>Am 02.09.2023 durften wir gemeinsam mit zwei unserer Patenclubs eine wundersch\u00f6ne Radtour durch das M\u00fcnsterland unternehmen. <\/p>\n\n\n\n<p>Los ging es f\u00fcr uns ab Emsdetten bis zum Steinfurter Bagno. Von dort aus ging es zur\u00fcck zur Weinkellerei Meimberg in Emsdetten, wo der Abend bei sch\u00f6nstem Sonnenschein, leckerem Essen und tollen Weinen zu Ende ging.<\/p>\n\n\n\n<p>Vielen Dank, dass wir dabei sein durften!<\/p>\n<\/div><figure class=\"wp-block-media-text__media\"><img decoding=\"async\" width=\"1024\" height=\"768\" src=\"https:\/\/kreissteinfurt.rotaract.de\/wp-content\/uploads\/sites\/395\/2024\/06\/20230902_162237-1024x768.jpg\" alt=\"\" class=\"wp-image-271 size-full\" srcset=\"https:\/\/kreissteinfurt.rotaract.de\/wp-content\/uploads\/sites\/395\/2024\/06\/20230902_162237-1024x768.jpg 1024w, https:\/\/kreissteinfurt.rotaract.de\/wp-content\/uploads\/sites\/395\/2024\/06\/20230902_162237-300x225.jpg 300w, https:\/\/kreissteinfurt.rotaract.de\/wp-content\/uploads\/sites\/395\/2024\/06\/20230902_162237-768x576.jpg 768w, https:\/\/kreissteinfurt.rotaract.de\/wp-content\/uploads\/sites\/395\/2024\/06\/20230902_162237-1536x1152.jpg 1536w, https:\/\/kreissteinfurt.rotaract.de\/wp-content\/uploads\/sites\/395\/2024\/06\/20230902_162237.jpg 2000w\" sizes=\"(max-width: 1024px) 100vw, 1024px\" \/><\/figure><\/div>\n\n\n\n<div class=\"wp-block-media-text alignwide is-stacked-on-mobile\"><figure class=\"wp-block-media-text__media\"><img decoding=\"async\" width=\"1024\" height=\"581\" src=\"http:\/\/kreissteinfurt.rotaract.de\/wp-content\/uploads\/sites\/395\/2023\/05\/IMG-20230519-WA0003-1024x581.jpg\" alt=\"\" class=\"wp-image-25 size-full\" srcset=\"https:\/\/kreissteinfurt.rotaract.de\/wp-content\/uploads\/sites\/395\/2023\/05\/IMG-20230519-WA0003-1024x581.jpg 1024w, https:\/\/kreissteinfurt.rotaract.de\/wp-content\/uploads\/sites\/395\/2023\/05\/IMG-20230519-WA0003-300x170.jpg 300w, https:\/\/kreissteinfurt.rotaract.de\/wp-content\/uploads\/sites\/395\/2023\/05\/IMG-20230519-WA0003-768x436.jpg 768w, https:\/\/kreissteinfurt.rotaract.de\/wp-content\/uploads\/sites\/395\/2023\/05\/IMG-20230519-WA0003-1536x872.jpg 1536w, https:\/\/kreissteinfurt.rotaract.de\/wp-content\/uploads\/sites\/395\/2023\/05\/IMG-20230519-WA0003.jpg 1600w\" sizes=\"(max-width: 1024px) 100vw, 1024px\" \/><\/figure><div class=\"wp-block-media-text__content\">\n<p><strong>GR\u00dcNDUNG 12.05.2023<\/strong><\/p>\n\n\n\n<p>An diesem besonderen Abend durften wir Vertreter der drei Sponsorenclubs Rotary Emsdetten, Rotary Rheine und Rotary Steinfurt sowie des Distriktteams begr\u00fc\u00dfen.<\/p>\n\n\n\n<p>Feierlich konnte an diesem Abend die Satzung unterschrieben werden und der Start ins offizielle Clubleben erfolgen.<\/p>\n\n\n\n<p>Vielen Dank an alle G\u00e4ste und Mitwirkende!<\/p>\n<\/div><\/div>\n\n\n\n<div class=\"wp-block-media-text alignwide has-media-on-the-right is-stacked-on-mobile is-image-fill\" style=\"grid-template-columns:auto 15%\"><div class=\"wp-block-media-text__content\">\n<p><strong>Charterfeier Essen<\/strong><\/p>\n\n\n\n<p>Am 22.04.2023 waren wir auf der Charterfeier des RAC Club Essen. F\u00fcr unseren Club war das die erste Charterfeier die wir mitmachen durften.<\/p>\n\n\n\n<p>Es war ein toller Abend und es konnten viele neue Bekanntschaften geschlossen werden.<\/p>\n<\/div><figure class=\"wp-block-media-text__media\" style=\"background-image:url(https:\/\/kreissteinfurt.rotaract.de\/wp-content\/uploads\/sites\/395\/2023\/05\/Bild1.jpg);background-position:41% 35%\"><img decoding=\"async\" width=\"287\" height=\"510\" src=\"https:\/\/kreissteinfurt.rotaract.de\/wp-content\/uploads\/sites\/395\/2023\/05\/Bild1.jpg\" alt=\"\" class=\"wp-image-75 size-full\" srcset=\"https:\/\/kreissteinfurt.rotaract.de\/wp-content\/uploads\/sites\/395\/2023\/05\/Bild1.jpg 287w, https:\/\/kreissteinfurt.rotaract.de\/wp-content\/uploads\/sites\/395\/2023\/05\/Bild1-169x300.jpg 169w\" sizes=\"(max-width: 287px) 100vw, 287px\" \/><\/figure><\/div>\n\n\n\n<div class=\"wp-block-media-text alignwide is-stacked-on-mobile\"><figure class=\"wp-block-media-text__media\"><img decoding=\"async\" width=\"636\" height=\"358\" src=\"https:\/\/kreissteinfurt.rotaract.de\/wp-content\/uploads\/sites\/395\/2023\/05\/Bild3.jpg\" alt=\"\" class=\"wp-image-76 size-full\" srcset=\"https:\/\/kreissteinfurt.rotaract.de\/wp-content\/uploads\/sites\/395\/2023\/05\/Bild3.jpg 636w, https:\/\/kreissteinfurt.rotaract.de\/wp-content\/uploads\/sites\/395\/2023\/05\/Bild3-300x169.jpg 300w\" sizes=\"(max-width: 636px) 100vw, 636px\" \/><\/figure><div class=\"wp-block-media-text__content\">\n<p><strong>Kneipentour mit dem RAC Essen<\/strong><\/p>\n\n\n\n<p>In Vorbereitung auf die Charterfeier in Essen gab es am Vorabend eine Kneipentour, welche durch den RAC Essen organisiert wurde!<\/p>\n<\/div><\/div>\n","protected":false},"excerpt":{"rendered":"<p>5 Jahre Rotaract Hildesheim-Innerste Am 06.07.2024 durften wir dabei sein, als der RAC Hildesheim-Innerste bei einem gem\u00fctlichen Grillabend sein 5-j\u00e4hriges Bestehen gefeier hat. Auf die n\u00e4chsten 5 Jahre und viele weitere! \u00c4mter\u00fcbergabe An diesem Freitag werden wir die \u00c4mter\u00fcbergabe unserer Pr\u00e4sidentin an ihre Nachfolgerin feiern. Das verflixte 7. Jahr &#8211; Charterfeier RAC Velbert Wir durften &#8230; <a title=\"Feiern\" class=\"read-more\" href=\"https:\/\/kreissteinfurt.rotaract.de\/?page_id=20\" aria-label=\"Mehr Informationen \u00fcber Feiern\">Weiterlesen<\/a><\/p>\n","protected":false},"author":392,"featured_media":0,"parent":0,"menu_order":4,"comment_status":"closed","ping_status":"closed","template":"","meta":{"footnotes":""},"class_list":["post-20","page","type-page","status-publish"],"yoast_head":"<!-- This site is optimized with the Yoast SEO plugin v27.6 - https:\/\/yoast.com\/product\/yoast-seo-wordpress\/ -->\n<title>Feiern - Rotaract Kreis Steinfurt<\/title>\n<meta name=\"robots\" content=\"index, follow, max-snippet:-1, max-image-preview:large, max-video-preview:-1\" \/>\n<link rel=\"canonical\" href=\"https:\/\/kreissteinfurt.rotaract.de\/?page_id=20\" \/>\n<meta property=\"og:locale\" content=\"de_DE\" \/>\n<meta property=\"og:type\" content=\"article\" \/>\n<meta property=\"og:title\" content=\"Feiern - Rotaract Kreis Steinfurt\" \/>\n<meta property=\"og:description\" content=\"5 Jahre Rotaract Hildesheim-Innerste Am 06.07.2024 durften wir dabei sein, als der RAC Hildesheim-Innerste bei einem gem\u00fctlichen Grillabend sein 5-j\u00e4hriges Bestehen gefeier hat. Auf die n\u00e4chsten 5 Jahre und viele weitere! \u00c4mter\u00fcbergabe An diesem Freitag werden wir die \u00c4mter\u00fcbergabe unserer Pr\u00e4sidentin an ihre Nachfolgerin feiern. Das verflixte 7. Jahr &#8211; Charterfeier RAC Velbert Wir durften ... Weiterlesen\" \/>\n<meta property=\"og:url\" content=\"https:\/\/kreissteinfurt.rotaract.de\/?page_id=20\" \/>\n<meta property=\"og:site_name\" content=\"Rotaract Kreis Steinfurt\" \/>\n<meta property=\"article:modified_time\" content=\"2024-07-08T12:15:18+00:00\" \/>\n<meta property=\"og:image\" content=\"https:\/\/kreissteinfurt.rotaract.de\/wp-content\/uploads\/sites\/395\/2024\/07\/1000057121_4ad60157b3ac818f36a4193d8572edb8-8.7.2024-12_50_08-1024x768.jpg\" \/>\n<meta name=\"twitter:card\" content=\"summary_large_image\" \/>\n<meta name=\"twitter:label1\" content=\"Gesch\u00e4tzte Lesezeit\" \/>\n\t<meta name=\"twitter:data1\" content=\"2\u00a0Minuten\" \/>\n<script type=\"application\/ld+json\" class=\"yoast-schema-graph\">{\"@context\":\"https:\\\/\\\/schema.org\",\"@graph\":[{\"@type\":\"WebPage\",\"@id\":\"https:\\\/\\\/kreissteinfurt.rotaract.de\\\/?page_id=20\",\"url\":\"https:\\\/\\\/kreissteinfurt.rotaract.de\\\/?page_id=20\",\"name\":\"Feiern - Rotaract Kreis Steinfurt\",\"isPartOf\":{\"@id\":\"https:\\\/\\\/kreissteinfurt.rotaract.de\\\/#website\"},\"primaryImageOfPage\":{\"@id\":\"https:\\\/\\\/kreissteinfurt.rotaract.de\\\/?page_id=20#primaryimage\"},\"image\":{\"@id\":\"https:\\\/\\\/kreissteinfurt.rotaract.de\\\/?page_id=20#primaryimage\"},\"thumbnailUrl\":\"https:\\\/\\\/kreissteinfurt.rotaract.de\\\/wp-content\\\/uploads\\\/sites\\\/395\\\/2024\\\/07\\\/1000057121_4ad60157b3ac818f36a4193d8572edb8-8.7.2024-12_50_08-1024x768.jpg\",\"datePublished\":\"2023-05-19T11:00:07+00:00\",\"dateModified\":\"2024-07-08T12:15:18+00:00\",\"breadcrumb\":{\"@id\":\"https:\\\/\\\/kreissteinfurt.rotaract.de\\\/?page_id=20#breadcrumb\"},\"inLanguage\":\"de\",\"potentialAction\":[{\"@type\":\"ReadAction\",\"target\":[\"https:\\\/\\\/kreissteinfurt.rotaract.de\\\/?page_id=20\"]}]},{\"@type\":\"ImageObject\",\"inLanguage\":\"de\",\"@id\":\"https:\\\/\\\/kreissteinfurt.rotaract.de\\\/?page_id=20#primaryimage\",\"url\":\"https:\\\/\\\/kreissteinfurt.rotaract.de\\\/wp-content\\\/uploads\\\/sites\\\/395\\\/2024\\\/07\\\/1000057121_4ad60157b3ac818f36a4193d8572edb8-8.7.2024-12_50_08-1024x768.jpg\",\"contentUrl\":\"https:\\\/\\\/kreissteinfurt.rotaract.de\\\/wp-content\\\/uploads\\\/sites\\\/395\\\/2024\\\/07\\\/1000057121_4ad60157b3ac818f36a4193d8572edb8-8.7.2024-12_50_08-1024x768.jpg\"},{\"@type\":\"BreadcrumbList\",\"@id\":\"https:\\\/\\\/kreissteinfurt.rotaract.de\\\/?page_id=20#breadcrumb\",\"itemListElement\":[{\"@type\":\"ListItem\",\"position\":1,\"name\":\"Startseite\",\"item\":\"https:\\\/\\\/kreissteinfurt.rotaract.de\\\/\"},{\"@type\":\"ListItem\",\"position\":2,\"name\":\"Feiern\"}]},{\"@type\":\"WebSite\",\"@id\":\"https:\\\/\\\/kreissteinfurt.rotaract.de\\\/#website\",\"url\":\"https:\\\/\\\/kreissteinfurt.rotaract.de\\\/\",\"name\":\"Rotaract Kreis Steinfurt\",\"description\":\"Distrikt 1870\",\"potentialAction\":[{\"@type\":\"SearchAction\",\"target\":{\"@type\":\"EntryPoint\",\"urlTemplate\":\"https:\\\/\\\/kreissteinfurt.rotaract.de\\\/?s={search_term_string}\"},\"query-input\":{\"@type\":\"PropertyValueSpecification\",\"valueRequired\":true,\"valueName\":\"search_term_string\"}}],\"inLanguage\":\"de\"}]}<\/script>\n<!-- \/ Yoast SEO plugin. -->","yoast_head_json":{"title":"Feiern - Rotaract Kreis Steinfurt","robots":{"index":"index","follow":"follow","max-snippet":"max-snippet:-1","max-image-preview":"max-image-preview:large","max-video-preview":"max-video-preview:-1"},"canonical":"https:\/\/kreissteinfurt.rotaract.de\/?page_id=20","og_locale":"de_DE","og_type":"article","og_title":"Feiern - Rotaract Kreis Steinfurt","og_description":"5 Jahre Rotaract Hildesheim-Innerste Am 06.07.2024 durften wir dabei sein, als der RAC Hildesheim-Innerste bei einem gem\u00fctlichen Grillabend sein 5-j\u00e4hriges Bestehen gefeier hat. Auf die n\u00e4chsten 5 Jahre und viele weitere! \u00c4mter\u00fcbergabe An diesem Freitag werden wir die \u00c4mter\u00fcbergabe unserer Pr\u00e4sidentin an ihre Nachfolgerin feiern. Das verflixte 7. Jahr &#8211; Charterfeier RAC Velbert Wir durften ... Weiterlesen","og_url":"https:\/\/kreissteinfurt.rotaract.de\/?page_id=20","og_site_name":"Rotaract Kreis Steinfurt","article_modified_time":"2024-07-08T12:15:18+00:00","og_image":[{"url":"https:\/\/kreissteinfurt.rotaract.de\/wp-content\/uploads\/sites\/395\/2024\/07\/1000057121_4ad60157b3ac818f36a4193d8572edb8-8.7.2024-12_50_08-1024x768.jpg","type":"","width":"","height":""}],"twitter_card":"summary_large_image","twitter_misc":{"Gesch\u00e4tzte Lesezeit":"2\u00a0Minuten"},"schema":{"@context":"https:\/\/schema.org","@graph":[{"@type":"WebPage","@id":"https:\/\/kreissteinfurt.rotaract.de\/?page_id=20","url":"https:\/\/kreissteinfurt.rotaract.de\/?page_id=20","name":"Feiern - Rotaract Kreis Steinfurt","isPartOf":{"@id":"https:\/\/kreissteinfurt.rotaract.de\/#website"},"primaryImageOfPage":{"@id":"https:\/\/kreissteinfurt.rotaract.de\/?page_id=20#primaryimage"},"image":{"@id":"https:\/\/kreissteinfurt.rotaract.de\/?page_id=20#primaryimage"},"thumbnailUrl":"https:\/\/kreissteinfurt.rotaract.de\/wp-content\/uploads\/sites\/395\/2024\/07\/1000057121_4ad60157b3ac818f36a4193d8572edb8-8.7.2024-12_50_08-1024x768.jpg","datePublished":"2023-05-19T11:00:07+00:00","dateModified":"2024-07-08T12:15:18+00:00","breadcrumb":{"@id":"https:\/\/kreissteinfurt.rotaract.de\/?page_id=20#breadcrumb"},"inLanguage":"de","potentialAction":[{"@type":"ReadAction","target":["https:\/\/kreissteinfurt.rotaract.de\/?page_id=20"]}]},{"@type":"ImageObject","inLanguage":"de","@id":"https:\/\/kreissteinfurt.rotaract.de\/?page_id=20#primaryimage","url":"https:\/\/kreissteinfurt.rotaract.de\/wp-content\/uploads\/sites\/395\/2024\/07\/1000057121_4ad60157b3ac818f36a4193d8572edb8-8.7.2024-12_50_08-1024x768.jpg","contentUrl":"https:\/\/kreissteinfurt.rotaract.de\/wp-content\/uploads\/sites\/395\/2024\/07\/1000057121_4ad60157b3ac818f36a4193d8572edb8-8.7.2024-12_50_08-1024x768.jpg"},{"@type":"BreadcrumbList","@id":"https:\/\/kreissteinfurt.rotaract.de\/?page_id=20#breadcrumb","itemListElement":[{"@type":"ListItem","position":1,"name":"Startseite","item":"https:\/\/kreissteinfurt.rotaract.de\/"},{"@type":"ListItem","position":2,"name":"Feiern"}]},{"@type":"WebSite","@id":"https:\/\/kreissteinfurt.rotaract.de\/#website","url":"https:\/\/kreissteinfurt.rotaract.de\/","name":"Rotaract Kreis Steinfurt","description":"Distrikt 1870","potentialAction":[{"@type":"SearchAction","target":{"@type":"EntryPoint","urlTemplate":"https:\/\/kreissteinfurt.rotaract.de\/?s={search_term_string}"},"query-input":{"@type":"PropertyValueSpecification","valueRequired":true,"valueName":"search_term_string"}}],"inLanguage":"de"}]}},"_links":{"self":[{"href":"https:\/\/kreissteinfurt.rotaract.de\/index.php?rest_route=\/wp\/v2\/pages\/20","targetHints":{"allow":["GET"]}}],"collection":[{"href":"https:\/\/kreissteinfurt.rotaract.de\/index.php?rest_route=\/wp\/v2\/pages"}],"about":[{"href":"https:\/\/kreissteinfurt.rotaract.de\/index.php?rest_route=\/wp\/v2\/types\/page"}],"author":[{"embeddable":true,"href":"https:\/\/kreissteinfurt.rotaract.de\/index.php?rest_route=\/wp\/v2\/users\/392"}],"replies":[{"embeddable":true,"href":"https:\/\/kreissteinfurt.rotaract.de\/index.php?rest_route=%2Fwp%2Fv2%2Fcomments&post=20"}],"version-history":[{"count":16,"href":"https:\/\/kreissteinfurt.rotaract.de\/index.php?rest_route=\/wp\/v2\/pages\/20\/revisions"}],"predecessor-version":[{"id":281,"href":"https:\/\/kreissteinfurt.rotaract.de\/index.php?rest_route=\/wp\/v2\/pages\/20\/revisions\/281"}],"wp:attachment":[{"href":"https:\/\/kreissteinfurt.rotaract.de\/index.php?rest_route=%2Fwp%2Fv2%2Fmedia&parent=20"}],"curies":[{"name":"wp","href":"https:\/\/api.w.org\/{rel}","templated":true}]}}